{"id":849,"date":"2023-04-04T15:36:34","date_gmt":"2023-04-04T13:36:34","guid":{"rendered":"https:\/\/myparistransfer.com\/politica-de-privacidad\/"},"modified":"2023-11-06T16:40:28","modified_gmt":"2023-11-06T15:40:28","slug":"politica-de-privacidad","status":"publish","type":"page","link":"https:\/\/myparistransfer.com\/es\/politica-de-privacidad\/","title":{"rendered":"Pol\u00edtica de privacidad"},"content":{"rendered":"\t\t<div data-elementor-type=\"wp-page\" data-elementor-id=\"849\" class=\"elementor elementor-849 elementor-135\" data-elementor-post-type=\"page\">\n\t\t\t\t\t\t<section class=\"elementor-section elementor-top-section elementor-element elementor-element-c029218 elementor-section-boxed elementor-section-height-default elementor-section-height-default\" data-id=\"c029218\" data-element_type=\"section\">\n\t\t\t\t\t\t<div class=\"elementor-container elementor-column-gap-default\">\n\t\t\t\t\t<div class=\"elementor-column elementor-col-100 elementor-top-column elementor-element elementor-element-94dde61\" data-id=\"94dde61\" data-element_type=\"column\">\n\t\t\t<div class=\"elementor-widget-wrap elementor-element-populated\">\n\t\t\t\t\t\t<div class=\"elementor-element elementor-element-1734979 elementor-widget elementor-widget-heading\" data-id=\"1734979\" data-element_type=\"widget\" data-widget_type=\"heading.default\">\n\t\t\t\t<div class=\"elementor-widget-container\">\n\t\t\t\t\t<h2 class=\"elementor-heading-title elementor-size-default\">Pol\u00edtica de privacidad<\/h2>\t\t\t\t<\/div>\n\t\t\t\t<\/div>\n\t\t\t\t<div class=\"elementor-element elementor-element-8991459 elementor-widget elementor-widget-text-editor\" data-id=\"8991459\" data-element_type=\"widget\" data-widget_type=\"text-editor.default\">\n\t\t\t\t<div class=\"elementor-widget-container\">\n\t\t\t\t\t\t\t\t\t<p class=\"p1\">DECLARACI\u00d3N DE PRIVACIDAD<\/p>\n<p class=\"p1\">\u2014-<\/p>\n<p class=\"p1\">ART\u00cdCULO 1 \u2013 INFORMACI\u00d3N PERSONAL RECOPILADA<\/p>\n<p class=\"p1\">Cuando realiza una compra en nuestro sitio, como parte de nuestro proceso de compra y venta, recopilamos la informaci\u00f3n personal que nos proporciona, como su nombre, direcci\u00f3n y direcci\u00f3n de correo electr\u00f3nico.<\/p>\n<p class=\"p1\">Cuando navega por nuestra tienda, tambi\u00e9n recibimos autom\u00e1ticamente la direcci\u00f3n de Protocolo de Internet (IP) de su computadora, lo que nos permite obtener m\u00e1s detalles sobre el navegador y el sistema operativo que est\u00e1 utilizando.<\/p>\n<p class=\"p1\">Marketing por correo electr\u00f3nico (si corresponde): Con su permiso, podemos enviarle correos electr\u00f3nicos sobre nuestra tienda, nuevos productos y otras actualizaciones.<\/p>\n<p class=\"p1\">ART\u00cdCULO 2 \u2013 CONSENTIMIENTO<\/p>\n<p class=\"p1\">\u00bfC\u00f3mo obtienen mi consentimiento?<\/p>\n<p class=\"p1\">Cuando nos proporciona su informaci\u00f3n personal para completar una transacci\u00f3n, verificar su tarjeta de cr\u00e9dito, realizar un pedido, programar una entrega o devolver una compra, asumimos que acepta que recopilemos y usemos su informaci\u00f3n solo para ese prop\u00f3sito.<\/p>\n<p class=\"p1\">Si le pedimos que nos proporcione su informaci\u00f3n personal por otro motivo, como por motivos de marketing, le pediremos directamente su consentimiento expl\u00edcito o le daremos la oportunidad de darse de baja.<\/p>\n<p class=\"p1\">\u00bfC\u00f3mo puedo retirar mi consentimiento?<\/p>\n<p class=\"p1\">Si, despu\u00e9s de darnos su consentimiento, cambia de opini\u00f3n y ya no da su consentimiento para que nos pongamos en contacto con usted, recopilemos su informaci\u00f3n o la divulguemos, puede notific\u00e1rnoslo poni\u00e9ndose en contacto con nosotros a trav\u00e9s de la p\u00e1gina de contacto.<\/p>\n<p class=\"p1\">ART\u00cdCULO 3 \u2013 DIVULGACI\u00d3N<\/p>\n<p class=\"p1\">Podemos divulgar su informaci\u00f3n personal si as\u00ed lo exige la ley o si viola nuestros T\u00e9rminos y Condiciones de Venta y Uso.<\/p>\n<p class=\"p1\">ART\u00cdCULO 4 \u2013 Alojamiento<\/p>\n<p class=\"p1\">El anfitri\u00f3n del sitio es: Hosty \u2013 KM4 Center D6113, 30230 Bouillargues.<\/p>\n<p class=\"p1\">Sus datos se almacenan en el sistema de almacenamiento de datos y en las bases de datos de Hosty.<\/p>\n<p class=\"p1\">Pago:<\/p>\n<p class=\"p1\">Si realiza su compra a trav\u00e9s de una pasarela de pago directo, Stripe (el procesador de pagos) almacenar\u00e1 la informaci\u00f3n de su tarjeta de cr\u00e9dito. Esta informaci\u00f3n est\u00e1 encriptada de acuerdo con el Est\u00e1ndar de Seguridad de Datos de la Industria de Tarjetas de Pago (PCI-DSS). La informaci\u00f3n de su transacci\u00f3n de compra se conserva durante el tiempo que sea necesario para completar su pedido. Una vez finalizado su pedido, se elimina la informaci\u00f3n de la transacci\u00f3n de compra.<\/p>\n<p class=\"p1\">Todas las pasarelas de pago directo se adhieren al est\u00e1ndar PCI-DSS, gestionado por el PCI Security Standards Council, que es el resultado del esfuerzo conjunto de empresas como Visa, MasterCard, American Express y Discover.<\/p>\n<p class=\"p1\">Los requisitos del est\u00e1ndar PCI-DSS garantizan el manejo seguro de los datos de las tarjetas de cr\u00e9dito por parte de nuestra tienda y sus proveedores de servicios.<\/p>\n<p class=\"p1\">ART\u00cdCULO 5 \u2013 SERVICIOS PRESTADOS POR TERCEROS<\/p>\n<p class=\"p1\">Por lo general, los proveedores externos que utilizamos solo recopilar\u00e1n, usar\u00e1n y divulgar\u00e1n su informaci\u00f3n en la medida necesaria para realizar los servicios que nos brindan.<\/p>\n<p class=\"p1\">Sin embargo, ciertos proveedores de servicios externos, como pasarelas de pago y otros procesadores de transacciones de pago, tienen sus propias pol\u00edticas de privacidad con respecto a la informaci\u00f3n que debemos proporcionarles para sus transacciones de compra.<\/p>\n<p class=\"p1\">Con respecto a estos proveedores, le recomendamos que lea atentamente sus pol\u00edticas de privacidad para que pueda comprender c\u00f3mo manejar\u00e1n su informaci\u00f3n personal.<\/p>\n<p class=\"p1\">Tenga en cuenta que algunos proveedores pueden estar ubicados o tener instalaciones ubicadas en una jurisdicci\u00f3n diferente a la suya o a la nuestra. Por lo tanto, si decide realizar una transacci\u00f3n que requiere los servicios de un proveedor externo, su informaci\u00f3n puede regirse por las leyes de la jurisdicci\u00f3n en la que se encuentra ese proveedor o la jurisdicci\u00f3n en la que se encuentran sus instalaciones.<\/p>\n<p class=\"p1\">Por ejemplo, si se encuentra en Canad\u00e1 y su transacci\u00f3n es procesada por una pasarela de pago ubicada en los Estados Unidos, la informaci\u00f3n que le pertenece y que se utiliz\u00f3 para completar la transacci\u00f3n puede estar sujeta a divulgaci\u00f3n seg\u00fan la ley de los EE. UU., incluida la Ley Patriota.<\/p>\n<p class=\"p1\">Una vez que abandona el sitio de nuestra tienda o es redirigido a un sitio web o aplicaci\u00f3n de terceros, ya no se rige por esta Pol\u00edtica de privacidad ni por los T\u00e9rminos y condiciones de venta y uso de nuestro sitio web.<\/p>\n<p class=\"p1\">Enlaces<\/p>\n<p class=\"p1\">Puede salir de nuestro sitio web haciendo clic en ciertos enlaces de nuestro sitio. No somos responsables de las pr\u00e1cticas de privacidad de estos otros sitios y le recomendamos que lea atentamente sus pol\u00edticas de privacidad.<\/p>\n<p class=\"p1\">ART\u00cdCULO 6 \u2013 SEGURIDAD<\/p>\n<p class=\"p1\">Para proteger sus datos personales, tomamos precauciones razonables y seguimos las mejores pr\u00e1cticas de la industria para garantizar que no se pierdan, se apropien indebidamente, se acceda a ellos, se divulguen, alteren o destruyan indebidamente.<\/p>\n<p class=\"p1\">Si nos proporciona la informaci\u00f3n de su tarjeta de cr\u00e9dito, se cifrar\u00e1 mediante el protocolo de seguridad SSL y se almacenar\u00e1 con cifrado AES-256. Si bien ning\u00fan m\u00e9todo de transmisi\u00f3n a trav\u00e9s de Internet o almacenamiento electr\u00f3nico es 100% seguro, seguimos todos los requisitos de PCI-DSS e implementamos est\u00e1ndares adicionales que son generalmente reconocidos por la industria.<\/p>\n<p class=\"p1\">GALLETAS<\/p>\n<p class=\"p1\">La siguiente es una lista de las cookies que utilizamos. Los hemos enumerado aqu\u00ed para que tengas la opci\u00f3n de elegir si quieres permitirlos o no.<\/p>\n<p class=\"p1\"><b>wordpress_logged_in_[hash], se utiliza para indicar cu\u00e1ndo ha iniciado sesi\u00f3n y qui\u00e9n es.<\/p>\n<p class=\"p1\"><b>[hash] wordpress_ <\/b>para almacenar los detalles de autenticaci\u00f3n al iniciar sesi\u00f3n.<\/p>\n<p class=\"p1\"><b>wp-settings-{time}-[UID]<\/b> se utiliza para <b>personalizar la visualizaci\u00f3n de la interfaz de <\/b>administraci\u00f3n y la interfaz del sitio web.<\/p>\n<p class=\"p1\"><b>wordpress_test_cookie<\/b> comprobar si las cookies est\u00e1n habilitadas en el navegador<\/p>\n<p class=\"p1\"><b>[hash]comment_author_<\/b> para recordar el valor introducido en el campo Nombre del formulario de comentarios<\/p>\n<p class=\"p1\"><b>[hash]comment_author_email_<\/b> para recordar el valor ingresado en el campo de correo electr\u00f3nico del formulario de comentarios<\/p>\n<p class=\"p1\"><b>[hash]comment_author_url_<\/b> para recordar el valor introducido en el campo URL del formulario de comentarios.<\/p>\n<p class=\"p1\">ART\u00cdCULO 7 \u2013 EDAD DE CONSENTIMIENTO<\/p>\n<p class=\"p1\">Al utilizar este sitio web, usted declara que tiene al menos la mayor\u00eda de edad en su estado o provincia de residencia, y que nos ha dado su consentimiento para permitir que cualquier menor que dependa de usted utilice este sitio web.<\/p>\n<p class=\"p1\">ART\u00cdCULO 8 \u2013 CAMBIOS EN ESTA POL\u00cdTICA DE PRIVACIDAD<\/p>\n<p class=\"p1\">Nos reservamos el derecho de cambiar esta Pol\u00edtica de privacidad en cualquier momento, as\u00ed que rev\u00edsela con frecuencia. Los cambios y aclaraciones entrar\u00e1n en vigor inmediatamente despu\u00e9s de su publicaci\u00f3n en el sitio web. Si realizamos alg\u00fan cambio en el contenido de esta pol\u00edtica, le notificaremos aqu\u00ed que se ha actualizado, para que sepa qu\u00e9 informaci\u00f3n recopilamos, c\u00f3mo la usamos y bajo qu\u00e9 circunstancias, si las hubiera, la divulgamos.<\/p>\n<p class=\"p1\">Si nuestra tienda es adquirida o fusionada con otra empresa, su informaci\u00f3n puede ser transferida a los nuevos propietarios para que podamos seguir vendi\u00e9ndole productos.<\/p>\n<p class=\"p1\">ART\u00cdCULO 9 \u2013 MARKETING PAR SMS<\/p>\n<p class=\"p1\">Valoramos su privacidad y la informaci\u00f3n que acepta compartir en relaci\u00f3n con nuestro servicio de marketing por SMS. Utilizamos esta informaci\u00f3n para enviarle notificaciones por SMS (para su pedido, incluidos recordatorios de pago abandonados), ofertas de marketing por SMS y mensajes de texto transaccionales, incluidas nuestras solicitudes de revisi\u00f3n.<\/p>\n<p class=\"p1\">Nuestro sitio web utiliza cookies para realizar un seguimiento de los art\u00edculos que ha puesto en su carrito de compras, incluso cuando ha abandonado su pedido. Esta informaci\u00f3n se utiliza para determinar cu\u00e1ndo enviar mensajes de recordatorio del carrito a trav\u00e9s de SMS.<\/p>\n<p class=\"p1\">PREGUNTAS E INFORMACI\u00d3N DE CONTACTO<\/p>\n<p class=\"p1\">Si desea: acceder, corregir, modificar o eliminar cualquier informaci\u00f3n personal que tengamos sobre usted, presentar una queja o simplemente desea obtener m\u00e1s informaci\u00f3n, comun\u00edquese con nuestro Oficial de Privacidad a trav\u00e9s de la p\u00e1gina de contacto<\/p>\n\t\t\t\t\t\t\t\t<\/div>\n\t\t\t\t<\/div>\n\t\t\t\t\t<\/div>\n\t\t<\/div>\n\t\t\t\t\t<\/div>\n\t\t<\/section>\n\t\t\t\t<\/div>\n\t\t","protected":false},"excerpt":{"rendered":"<p>Pol\u00edtica de privacidad DECLARACI\u00d3N DE PRIVACIDAD \u2014- ART\u00cdCULO 1 \u2013 INFORMACI\u00d3N PERSONAL RECOPILADA Cuando realiza una compra en nuestro sitio, como parte de nuestro proceso de compra y venta, recopilamos la informaci\u00f3n personal que nos proporciona, como su nombre, direcci\u00f3n y direcci\u00f3n de correo electr\u00f3nico. Cuando navega por nuestra tienda, tambi\u00e9n recibimos autom\u00e1ticamente la direcci\u00f3n [&hellip;]<\/p>\n","protected":false},"author":2,"featured_media":0,"parent":0,"menu_order":0,"comment_status":"closed","ping_status":"closed","template":"","meta":{"footnotes":""},"class_list":["post-849","page","type-page","status-publish","hentry"],"yoast_head":"<!-- This site is optimized with the Yoast SEO plugin v26.4 - https:\/\/yoast.com\/wordpress\/plugins\/seo\/ -->\n<title>Pol\u00edtica de privacidad - My Paris Transfer<\/title>\n<meta name=\"robots\" content=\"index, follow, max-snippet:-1, max-image-preview:large, max-video-preview:-1\" \/>\n<link rel=\"canonical\" href=\"https:\/\/myparistransfer.com\/es\/politica-de-privacidad\/\" \/>\n<meta property=\"og:locale\" content=\"es_ES\" \/>\n<meta property=\"og:type\" content=\"article\" \/>\n<meta property=\"og:title\" content=\"Pol\u00edtica de privacidad - My Paris Transfer\" \/>\n<meta property=\"og:description\" content=\"Pol\u00edtica de privacidad DECLARACI\u00d3N DE PRIVACIDAD \u2014- ART\u00cdCULO 1 \u2013 INFORMACI\u00d3N PERSONAL RECOPILADA Cuando realiza una compra en nuestro sitio, como parte de nuestro proceso de compra y venta, recopilamos la informaci\u00f3n personal que nos proporciona, como su nombre, direcci\u00f3n y direcci\u00f3n de correo electr\u00f3nico. Cuando navega por nuestra tienda, tambi\u00e9n recibimos autom\u00e1ticamente la direcci\u00f3n [&hellip;]\" \/>\n<meta property=\"og:url\" content=\"https:\/\/myparistransfer.com\/es\/politica-de-privacidad\/\" \/>\n<meta property=\"og:site_name\" content=\"My Paris Transfer\" \/>\n<meta property=\"article:modified_time\" content=\"2023-11-06T15:40:28+00:00\" \/>\n<meta name=\"twitter:card\" content=\"summary_large_image\" \/>\n<meta name=\"twitter:label1\" content=\"Tiempo de lectura\" \/>\n\t<meta name=\"twitter:data1\" content=\"7 minutos\" \/>\n<script type=\"application\/ld+json\" class=\"yoast-schema-graph\">{\"@context\":\"https:\/\/schema.org\",\"@graph\":[{\"@type\":\"WebPage\",\"@id\":\"https:\/\/myparistransfer.com\/es\/politica-de-privacidad\/\",\"url\":\"https:\/\/myparistransfer.com\/es\/politica-de-privacidad\/\",\"name\":\"Pol\u00edtica de privacidad - My Paris Transfer\",\"isPartOf\":{\"@id\":\"https:\/\/myparistransfer.com\/es\/#website\"},\"datePublished\":\"2023-04-04T13:36:34+00:00\",\"dateModified\":\"2023-11-06T15:40:28+00:00\",\"breadcrumb\":{\"@id\":\"https:\/\/myparistransfer.com\/es\/politica-de-privacidad\/#breadcrumb\"},\"inLanguage\":\"es\",\"potentialAction\":[{\"@type\":\"ReadAction\",\"target\":[\"https:\/\/myparistransfer.com\/es\/politica-de-privacidad\/\"]}]},{\"@type\":\"BreadcrumbList\",\"@id\":\"https:\/\/myparistransfer.com\/es\/politica-de-privacidad\/#breadcrumb\",\"itemListElement\":[{\"@type\":\"ListItem\",\"position\":1,\"name\":\"Accueil\",\"item\":\"https:\/\/myparistransfer.com\/es\/\"},{\"@type\":\"ListItem\",\"position\":2,\"name\":\"Pol\u00edtica de privacidad\"}]},{\"@type\":\"WebSite\",\"@id\":\"https:\/\/myparistransfer.com\/es\/#website\",\"url\":\"https:\/\/myparistransfer.com\/es\/\",\"name\":\"My Paris Transfer\",\"description\":\"Votre chauffeur sur Paris\",\"potentialAction\":[{\"@type\":\"SearchAction\",\"target\":{\"@type\":\"EntryPoint\",\"urlTemplate\":\"https:\/\/myparistransfer.com\/es\/?s={search_term_string}\"},\"query-input\":{\"@type\":\"PropertyValueSpecification\",\"valueRequired\":true,\"valueName\":\"search_term_string\"}}],\"inLanguage\":\"es\"}]}<\/script>\n<!-- \/ Yoast SEO plugin. -->","yoast_head_json":{"title":"Pol\u00edtica de privacidad - My Paris Transfer","robots":{"index":"index","follow":"follow","max-snippet":"max-snippet:-1","max-image-preview":"max-image-preview:large","max-video-preview":"max-video-preview:-1"},"canonical":"https:\/\/myparistransfer.com\/es\/politica-de-privacidad\/","og_locale":"es_ES","og_type":"article","og_title":"Pol\u00edtica de privacidad - My Paris Transfer","og_description":"Pol\u00edtica de privacidad DECLARACI\u00d3N DE PRIVACIDAD \u2014- ART\u00cdCULO 1 \u2013 INFORMACI\u00d3N PERSONAL RECOPILADA Cuando realiza una compra en nuestro sitio, como parte de nuestro proceso de compra y venta, recopilamos la informaci\u00f3n personal que nos proporciona, como su nombre, direcci\u00f3n y direcci\u00f3n de correo electr\u00f3nico. Cuando navega por nuestra tienda, tambi\u00e9n recibimos autom\u00e1ticamente la direcci\u00f3n [&hellip;]","og_url":"https:\/\/myparistransfer.com\/es\/politica-de-privacidad\/","og_site_name":"My Paris Transfer","article_modified_time":"2023-11-06T15:40:28+00:00","twitter_card":"summary_large_image","twitter_misc":{"Tiempo de lectura":"7 minutos"},"schema":{"@context":"https:\/\/schema.org","@graph":[{"@type":"WebPage","@id":"https:\/\/myparistransfer.com\/es\/politica-de-privacidad\/","url":"https:\/\/myparistransfer.com\/es\/politica-de-privacidad\/","name":"Pol\u00edtica de privacidad - My Paris Transfer","isPartOf":{"@id":"https:\/\/myparistransfer.com\/es\/#website"},"datePublished":"2023-04-04T13:36:34+00:00","dateModified":"2023-11-06T15:40:28+00:00","breadcrumb":{"@id":"https:\/\/myparistransfer.com\/es\/politica-de-privacidad\/#breadcrumb"},"inLanguage":"es","potentialAction":[{"@type":"ReadAction","target":["https:\/\/myparistransfer.com\/es\/politica-de-privacidad\/"]}]},{"@type":"BreadcrumbList","@id":"https:\/\/myparistransfer.com\/es\/politica-de-privacidad\/#breadcrumb","itemListElement":[{"@type":"ListItem","position":1,"name":"Accueil","item":"https:\/\/myparistransfer.com\/es\/"},{"@type":"ListItem","position":2,"name":"Pol\u00edtica de privacidad"}]},{"@type":"WebSite","@id":"https:\/\/myparistransfer.com\/es\/#website","url":"https:\/\/myparistransfer.com\/es\/","name":"My Paris Transfer","description":"Votre chauffeur sur Paris","potentialAction":[{"@type":"SearchAction","target":{"@type":"EntryPoint","urlTemplate":"https:\/\/myparistransfer.com\/es\/?s={search_term_string}"},"query-input":{"@type":"PropertyValueSpecification","valueRequired":true,"valueName":"search_term_string"}}],"inLanguage":"es"}]}},"_links":{"self":[{"href":"https:\/\/myparistransfer.com\/es\/wp-json\/wp\/v2\/pages\/849","targetHints":{"allow":["GET"]}}],"collection":[{"href":"https:\/\/myparistransfer.com\/es\/wp-json\/wp\/v2\/pages"}],"about":[{"href":"https:\/\/myparistransfer.com\/es\/wp-json\/wp\/v2\/types\/page"}],"author":[{"embeddable":true,"href":"https:\/\/myparistransfer.com\/es\/wp-json\/wp\/v2\/users\/2"}],"replies":[{"embeddable":true,"href":"https:\/\/myparistransfer.com\/es\/wp-json\/wp\/v2\/comments?post=849"}],"version-history":[{"count":1,"href":"https:\/\/myparistransfer.com\/es\/wp-json\/wp\/v2\/pages\/849\/revisions"}],"predecessor-version":[{"id":851,"href":"https:\/\/myparistransfer.com\/es\/wp-json\/wp\/v2\/pages\/849\/revisions\/851"}],"wp:attachment":[{"href":"https:\/\/myparistransfer.com\/es\/wp-json\/wp\/v2\/media?parent=849"}],"curies":[{"name":"wp","href":"https:\/\/api.w.org\/{rel}","templated":true}]}}