{"id":859,"date":"2023-04-05T10:26:10","date_gmt":"2023-04-05T08:26:10","guid":{"rendered":"https:\/\/myparistransfer.com\/traslados-de-larga-distancia\/"},"modified":"2023-11-06T16:40:33","modified_gmt":"2023-11-06T15:40:33","slug":"traslados-de-larga-distancia","status":"publish","type":"page","link":"https:\/\/myparistransfer.com\/es\/traslados-de-larga-distancia\/","title":{"rendered":"Traslados de larga distancia"},"content":{"rendered":"\t\t<div data-elementor-type=\"wp-page\" data-elementor-id=\"859\" class=\"elementor elementor-859 elementor-187\" data-elementor-post-type=\"page\">\n\t\t\t\t\t\t<section class=\"elementor-section elementor-top-section elementor-element elementor-element-4af9bd7 elementor-section-height-min-height elementor-section-boxed elementor-section-height-default elementor-section-items-middle\" data-id=\"4af9bd7\" data-element_type=\"section\" data-settings=\"{&quot;background_background&quot;:&quot;classic&quot;}\">\n\t\t\t\t\t\t\t<div class=\"elementor-background-overlay\"><\/div>\n\t\t\t\t\t\t\t<div class=\"elementor-container elementor-column-gap-default\">\n\t\t\t\t\t<div class=\"elementor-column elementor-col-50 elementor-top-column elementor-element elementor-element-bc18675\" data-id=\"bc18675\" data-element_type=\"column\">\n\t\t\t<div class=\"elementor-widget-wrap elementor-element-populated\">\n\t\t\t\t\t\t<div class=\"elementor-element elementor-element-109ed1c elementor-widget elementor-widget-heading\" data-id=\"109ed1c\" data-element_type=\"widget\" data-widget_type=\"heading.default\">\n\t\t\t\t<div class=\"elementor-widget-container\">\n\t\t\t\t\t<h2 class=\"elementor-heading-title elementor-size-default\">Traslados de larga distancia<\/h2>\t\t\t\t<\/div>\n\t\t\t\t<\/div>\n\t\t\t\t<div class=\"elementor-element elementor-element-d2f63fe elementor-widget elementor-widget-text-editor\" data-id=\"d2f63fe\" data-element_type=\"widget\" data-widget_type=\"text-editor.default\">\n\t\t\t\t<div class=\"elementor-widget-container\">\n\t\t\t\t\t\t\t\t\t<p>Descubra nuestro servicio de traslados de larga distancia y viaje con tranquilidad a sus destinos lejanos con myparistransfers.<\/p>\n\t\t\t\t\t\t\t\t<\/div>\n\t\t\t\t<\/div>\n\t\t\t\t\t<\/div>\n\t\t<\/div>\n\t\t\t\t<div class=\"elementor-column elementor-col-50 elementor-top-column elementor-element elementor-element-8e66c24 elementor-hidden-tablet elementor-hidden-mobile\" data-id=\"8e66c24\" data-element_type=\"column\">\n\t\t\t<div class=\"elementor-widget-wrap elementor-element-populated\">\n\t\t\t\t\t\t<div class=\"elementor-element elementor-element-1516a31 elementor-widget elementor-widget-spacer\" data-id=\"1516a31\" data-element_type=\"widget\" data-widget_type=\"spacer.default\">\n\t\t\t\t<div class=\"elementor-widget-container\">\n\t\t\t\t\t\t\t<div class=\"elementor-spacer\">\n\t\t\t<div class=\"elementor-spacer-inner\"><\/div>\n\t\t<\/div>\n\t\t\t\t\t\t<\/div>\n\t\t\t\t<\/div>\n\t\t\t\t<div class=\"elementor-element elementor-element-9e519e0 elementor-widget elementor-widget-spacer\" data-id=\"9e519e0\" data-element_type=\"widget\" data-widget_type=\"spacer.default\">\n\t\t\t\t<div class=\"elementor-widget-container\">\n\t\t\t\t\t\t\t<div class=\"elementor-spacer\">\n\t\t\t<div class=\"elementor-spacer-inner\"><\/div>\n\t\t<\/div>\n\t\t\t\t\t\t<\/div>\n\t\t\t\t<\/div>\n\t\t\t\t\t<\/div>\n\t\t<\/div>\n\t\t\t\t\t<\/div>\n\t\t<\/section>\n\t\t\t\t<section class=\"elementor-section elementor-top-section elementor-element elementor-element-13497a1 elementor-section-boxed elementor-section-height-default elementor-section-height-default\" data-id=\"13497a1\" data-element_type=\"section\">\n\t\t\t\t\t\t<div class=\"elementor-container elementor-column-gap-default\">\n\t\t\t\t\t<div class=\"elementor-column elementor-col-100 elementor-top-column elementor-element elementor-element-949dbc0\" data-id=\"949dbc0\" data-element_type=\"column\">\n\t\t\t<div class=\"elementor-widget-wrap elementor-element-populated\">\n\t\t\t\t\t\t<div class=\"elementor-element elementor-element-a08fa04 elementor-widget elementor-widget-heading\" data-id=\"a08fa04\" data-element_type=\"widget\" data-widget_type=\"heading.default\">\n\t\t\t\t<div class=\"elementor-widget-container\">\n\t\t\t\t\t<h3 class=\"elementor-heading-title elementor-size-default\">\u00bfQuieres viajar lejos de Par\u00eds?<\/h3>\t\t\t\t<\/div>\n\t\t\t\t<\/div>\n\t\t\t\t<div class=\"elementor-element elementor-element-1c9c205 elementor-widget elementor-widget-text-editor\" data-id=\"1c9c205\" data-element_type=\"widget\" data-widget_type=\"text-editor.default\">\n\t\t\t\t<div class=\"elementor-widget-container\">\n\t\t\t\t\t\t\t\t\t<p><span style=\"font-weight: bolder; color: var( --e-global-color-a620eb9 ); font-family: var( --e-global-typography-9379bd7-font-family ), Sans-serif; font-size: var( --e-global-typography-9379bd7-font-size ); letter-spacing: var( --e-global-typography-9379bd7-letter-spacing ); word-spacing: var( --e-global-typography-9379bd7-word-spacing ); background-color: var( --e-global-color-98b6319 );\">My Paris Transfer<\/span> ofrece un servicio de traslado de <strong>larga distancia de<\/strong> alta calidad que se adapta a sus necesidades de viaje. Ya sea que viaje por negocios o por placer, estamos aqu\u00ed para brindarle una experiencia de viaje c\u00f3moda y agradable.<\/p>\n\t\t\t\t\t\t\t\t<\/div>\n\t\t\t\t<\/div>\n\t\t\t\t\t<\/div>\n\t\t<\/div>\n\t\t\t\t\t<\/div>\n\t\t<\/section>\n\t\t\t\t<section class=\"elementor-section elementor-top-section elementor-element elementor-element-59cd411 elementor-section-boxed elementor-section-height-default elementor-section-height-default\" data-id=\"59cd411\" data-element_type=\"section\">\n\t\t\t\t\t\t<div class=\"elementor-container elementor-column-gap-default\">\n\t\t\t\t\t<div class=\"elementor-column elementor-col-100 elementor-top-column elementor-element elementor-element-47dffb8\" data-id=\"47dffb8\" data-element_type=\"column\">\n\t\t\t<div class=\"elementor-widget-wrap elementor-element-populated\">\n\t\t\t\t\t\t<div class=\"elementor-element elementor-element-f31492c elementor-widget__width-auto elementor-align-center elementor-widget elementor-widget-button\" data-id=\"f31492c\" data-element_type=\"widget\" data-widget_type=\"button.default\">\n\t\t\t\t<div class=\"elementor-widget-container\">\n\t\t\t\t\t\t\t\t\t<div class=\"elementor-button-wrapper\">\n\t\t\t\t\t<a class=\"elementor-button elementor-button-link elementor-size-md elementor-animation-shrink\" href=\"https:\/\/myparistransfer.com\/contact\/\">\n\t\t\t\t\t\t<span class=\"elementor-button-content-wrapper\">\n\t\t\t\t\t\t\t\t\t<span class=\"elementor-button-text\">Reservar en l\u00ednea<\/span>\n\t\t\t\t\t<\/span>\n\t\t\t\t\t<\/a>\n\t\t\t\t<\/div>\n\t\t\t\t\t\t\t\t<\/div>\n\t\t\t\t<\/div>\n\t\t\t\t<div class=\"elementor-element elementor-element-6c13f83 elementor-widget__width-auto elementor-align-center elementor-widget elementor-widget-button\" data-id=\"6c13f83\" data-element_type=\"widget\" data-widget_type=\"button.default\">\n\t\t\t\t<div class=\"elementor-widget-container\">\n\t\t\t\t\t\t\t\t\t<div class=\"elementor-button-wrapper\">\n\t\t\t\t\t<a class=\"elementor-button elementor-button-link elementor-size-md elementor-animation-shrink\" href=\"tel:+33623153221\">\n\t\t\t\t\t\t<span class=\"elementor-button-content-wrapper\">\n\t\t\t\t\t\t\t\t\t<span class=\"elementor-button-text\">Tel\u00e9fono<\/span>\n\t\t\t\t\t<\/span>\n\t\t\t\t\t<\/a>\n\t\t\t\t<\/div>\n\t\t\t\t\t\t\t\t<\/div>\n\t\t\t\t<\/div>\n\t\t\t\t\t<\/div>\n\t\t<\/div>\n\t\t\t\t\t<\/div>\n\t\t<\/section>\n\t\t\t\t<section class=\"elementor-section elementor-top-section elementor-element elementor-element-4c855de elementor-section-boxed elementor-section-height-default elementor-section-height-default\" data-id=\"4c855de\" data-element_type=\"section\">\n\t\t\t\t\t\t<div class=\"elementor-container elementor-column-gap-default\">\n\t\t\t\t\t<div class=\"elementor-column elementor-col-50 elementor-top-column elementor-element elementor-element-4dfb303\" data-id=\"4dfb303\" data-element_type=\"column\">\n\t\t\t<div class=\"elementor-widget-wrap elementor-element-populated\">\n\t\t\t\t\t\t<div class=\"elementor-element elementor-element-d4f58e7 elementor-widget elementor-widget-image\" data-id=\"d4f58e7\" data-element_type=\"widget\" data-widget_type=\"image.default\">\n\t\t\t\t<div class=\"elementor-widget-container\">\n\t\t\t\t\t\t\t\t\t\t\t\t\t\t\t<img fetchpriority=\"high\" decoding=\"async\" width=\"800\" height=\"533\" src=\"https:\/\/myparistransfer.com\/wp-content\/uploads\/2023\/04\/the-car-on-the-road-with-the-forest-around-it--1024x682.jpg\" class=\"attachment-large size-large wp-image-193\" alt=\"The car on the road with the forest around it.\" srcset=\"https:\/\/myparistransfer.com\/wp-content\/uploads\/2023\/04\/the-car-on-the-road-with-the-forest-around-it--1024x682.jpg 1024w, https:\/\/myparistransfer.com\/wp-content\/uploads\/2023\/04\/the-car-on-the-road-with-the-forest-around-it--300x200.jpg 300w, https:\/\/myparistransfer.com\/wp-content\/uploads\/2023\/04\/the-car-on-the-road-with-the-forest-around-it--768x512.jpg 768w, https:\/\/myparistransfer.com\/wp-content\/uploads\/2023\/04\/the-car-on-the-road-with-the-forest-around-it--1536x1024.jpg 1536w, https:\/\/myparistransfer.com\/wp-content\/uploads\/2023\/04\/the-car-on-the-road-with-the-forest-around-it-.jpg 2000w\" sizes=\"(max-width: 800px) 100vw, 800px\" \/>\t\t\t\t\t\t\t\t\t\t\t\t\t\t\t<\/div>\n\t\t\t\t<\/div>\n\t\t\t\t<div class=\"elementor-element elementor-element-602b93a elementor-widget elementor-widget-spacer\" data-id=\"602b93a\" data-element_type=\"widget\" data-widget_type=\"spacer.default\">\n\t\t\t\t<div class=\"elementor-widget-container\">\n\t\t\t\t\t\t\t<div class=\"elementor-spacer\">\n\t\t\t<div class=\"elementor-spacer-inner\"><\/div>\n\t\t<\/div>\n\t\t\t\t\t\t<\/div>\n\t\t\t\t<\/div>\n\t\t\t\t\t<\/div>\n\t\t<\/div>\n\t\t\t\t<div class=\"elementor-column elementor-col-50 elementor-top-column elementor-element elementor-element-ba5abb5\" data-id=\"ba5abb5\" data-element_type=\"column\">\n\t\t\t<div class=\"elementor-widget-wrap elementor-element-populated\">\n\t\t\t\t\t\t<div class=\"elementor-element elementor-element-4dfd6e6 elementor-widget elementor-widget-text-editor\" data-id=\"4dfd6e6\" data-element_type=\"widget\" data-widget_type=\"text-editor.default\">\n\t\t\t\t<div class=\"elementor-widget-container\">\n\t\t\t\t\t\t\t\t\t<p>Servimos a todos los destinos dentro de un radio de <strong>varios cientos de kil\u00f3metros alrededor de Par\u00eds<\/strong>. Nuestra <strong>flota de veh\u00edculos de lujo<\/strong> y conductores profesionales garantizan viajes seguros y c\u00f3modos, sin importar a d\u00f3nde se dirija. Nuestros veh\u00edculos est\u00e1n equipados con todas las comodidades necesarias para que pueda viajar con comodidad, incluidos asientos para <strong>ni\u00f1os<\/strong> y comodidades para <strong>viajeros de negocios<\/strong>.<\/p>\n<p><strong>Con My Paris Transfer<\/strong>, puede estar seguro de un servicio de traslado de larga distancia fiable y puntual. Monitoreamos las condiciones del tr\u00e1fico en tiempo real para asegurarnos de que tenga un viaje r\u00e1pido y eficiente a su destino. Tambi\u00e9n estamos disponibles las 24 horas del d\u00eda, los 7 d\u00edas de la semana para satisfacer sus necesidades de transporte.<\/p>\n\t\t\t\t\t\t\t\t<\/div>\n\t\t\t\t<\/div>\n\t\t\t\t\t<\/div>\n\t\t<\/div>\n\t\t\t\t\t<\/div>\n\t\t<\/section>\n\t\t\t\t<section class=\"elementor-section elementor-top-section elementor-element elementor-element-1328d00 elementor-section-boxed elementor-section-height-default elementor-section-height-default\" data-id=\"1328d00\" data-element_type=\"section\" data-settings=\"{&quot;background_background&quot;:&quot;classic&quot;}\">\n\t\t\t\t\t\t\t<div class=\"elementor-background-overlay\"><\/div>\n\t\t\t\t\t\t\t<div class=\"elementor-container elementor-column-gap-default\">\n\t\t\t\t\t<div class=\"elementor-column elementor-col-100 elementor-top-column elementor-element elementor-element-98376ed animated-slow elementor-invisible\" data-id=\"98376ed\" data-element_type=\"column\" data-settings=\"{&quot;animation&quot;:&quot;fadeIn&quot;}\">\n\t\t\t<div class=\"elementor-widget-wrap elementor-element-populated\">\n\t\t\t\t\t\t<div class=\"elementor-element elementor-element-635b0bd elementor-widget elementor-widget-heading\" data-id=\"635b0bd\" data-element_type=\"widget\" data-widget_type=\"heading.default\">\n\t\t\t\t<div class=\"elementor-widget-container\">\n\t\t\t\t\t<h3 class=\"elementor-heading-title elementor-size-default\">Reserva ahora tu traslado privado<\/h3>\t\t\t\t<\/div>\n\t\t\t\t<\/div>\n\t\t\t\t<div class=\"elementor-element elementor-element-7c75cf0 elementor-widget elementor-widget-text-editor\" data-id=\"7c75cf0\" data-element_type=\"widget\" data-widget_type=\"text-editor.default\">\n\t\t\t\t<div class=\"elementor-widget-container\">\n\t\t\t\t\t\t\t\t\t<p>Disfrute de un servicio de transporte de lujo y superior con <strong>My Paris Transfer<\/strong>. Reserve ahora su traslado privado a <strong>Par\u00eds<\/strong> y sus alrededores  <\/p>\n<p>No se demore m\u00e1s y reserve ahora para beneficiarse de un traslado privado de alta calidad con <strong>My Paris Transfer<\/strong>.<\/p>\n\t\t\t\t\t\t\t\t<\/div>\n\t\t\t\t<\/div>\n\t\t\t\t<div class=\"elementor-element elementor-element-1c6d800 elementor-align-right elementor-widget__width-initial elementor-widget elementor-widget-button\" data-id=\"1c6d800\" data-element_type=\"widget\" data-widget_type=\"button.default\">\n\t\t\t\t<div class=\"elementor-widget-container\">\n\t\t\t\t\t\t\t\t\t<div class=\"elementor-button-wrapper\">\n\t\t\t\t\t<a class=\"elementor-button elementor-button-link elementor-size-md elementor-animation-shrink\" href=\"https:\/\/myparistransfer.com\/contact\/\">\n\t\t\t\t\t\t<span class=\"elementor-button-content-wrapper\">\n\t\t\t\t\t\t\t\t\t<span class=\"elementor-button-text\">Reserva<\/span>\n\t\t\t\t\t<\/span>\n\t\t\t\t\t<\/a>\n\t\t\t\t<\/div>\n\t\t\t\t\t\t\t\t<\/div>\n\t\t\t\t<\/div>\n\t\t\t\t<div class=\"elementor-element elementor-element-eb90131 elementor-widget__width-initial elementor-widget elementor-widget-button\" data-id=\"eb90131\" data-element_type=\"widget\" data-widget_type=\"button.default\">\n\t\t\t\t<div class=\"elementor-widget-container\">\n\t\t\t\t\t\t\t\t\t<div class=\"elementor-button-wrapper\">\n\t\t\t\t\t<a class=\"elementor-button elementor-button-link elementor-size-md elementor-animation-shrink\" href=\"tel:+33623153221\">\n\t\t\t\t\t\t<span class=\"elementor-button-content-wrapper\">\n\t\t\t\t\t\t\t\t\t<span class=\"elementor-button-text\">Tel\u00e9fono<\/span>\n\t\t\t\t\t<\/span>\n\t\t\t\t\t<\/a>\n\t\t\t\t<\/div>\n\t\t\t\t\t\t\t\t<\/div>\n\t\t\t\t<\/div>\n\t\t\t\t\t<\/div>\n\t\t<\/div>\n\t\t\t\t\t<\/div>\n\t\t<\/section>\n\t\t\t\t<\/div>\n\t\t","protected":false},"excerpt":{"rendered":"<p>Traslados de larga distancia Descubra nuestro servicio de traslados de larga distancia y viaje con tranquilidad a sus destinos lejanos con myparistransfers. \u00bfQuieres viajar lejos de Par\u00eds? My Paris Transfer ofrece un servicio de traslado de larga distancia de alta calidad que se adapta a sus necesidades de viaje. Ya sea que viaje por negocios [&hellip;]<\/p>\n","protected":false},"author":2,"featured_media":0,"parent":0,"menu_order":0,"comment_status":"closed","ping_status":"closed","template":"","meta":{"footnotes":""},"class_list":["post-859","page","type-page","status-publish","hentry"],"yoast_head":"<!-- This site is optimized with the Yoast SEO plugin v26.4 - https:\/\/yoast.com\/wordpress\/plugins\/seo\/ -->\n<title>Traslados de larga distancia - My Paris Transfer<\/title>\n<meta name=\"description\" content=\"Descubra nuestro servicio de traslados de larga distancia y viaje con tranquilidad a sus destinos lejanos con myparistransfers.\" \/>\n<meta name=\"robots\" content=\"index, follow, max-snippet:-1, max-image-preview:large, max-video-preview:-1\" \/>\n<link rel=\"canonical\" href=\"https:\/\/myparistransfer.com\/es\/traslados-de-larga-distancia\/\" \/>\n<meta property=\"og:locale\" content=\"es_ES\" \/>\n<meta property=\"og:type\" content=\"article\" \/>\n<meta property=\"og:title\" content=\"Traslados de larga distancia - My Paris Transfer\" \/>\n<meta property=\"og:description\" content=\"Descubra nuestro servicio de traslados de larga distancia y viaje con tranquilidad a sus destinos lejanos con myparistransfers.\" \/>\n<meta property=\"og:url\" content=\"https:\/\/myparistransfer.com\/es\/traslados-de-larga-distancia\/\" \/>\n<meta property=\"og:site_name\" content=\"My Paris Transfer\" \/>\n<meta property=\"article:modified_time\" content=\"2023-11-06T15:40:33+00:00\" \/>\n<meta property=\"og:image\" content=\"https:\/\/myparistransfer.com\/wp-content\/uploads\/2023\/04\/the-car-on-the-road-with-the-forest-around-it--1024x682.jpg\" \/>\n<meta name=\"twitter:card\" content=\"summary_large_image\" \/>\n<meta name=\"twitter:label1\" content=\"Tiempo de lectura\" \/>\n\t<meta name=\"twitter:data1\" content=\"1 minuto\" \/>\n<script type=\"application\/ld+json\" class=\"yoast-schema-graph\">{\"@context\":\"https:\/\/schema.org\",\"@graph\":[{\"@type\":\"WebPage\",\"@id\":\"https:\/\/myparistransfer.com\/es\/traslados-de-larga-distancia\/\",\"url\":\"https:\/\/myparistransfer.com\/es\/traslados-de-larga-distancia\/\",\"name\":\"Traslados de larga distancia - My Paris Transfer\",\"isPartOf\":{\"@id\":\"https:\/\/myparistransfer.com\/es\/#website\"},\"primaryImageOfPage\":{\"@id\":\"https:\/\/myparistransfer.com\/es\/traslados-de-larga-distancia\/#primaryimage\"},\"image\":{\"@id\":\"https:\/\/myparistransfer.com\/es\/traslados-de-larga-distancia\/#primaryimage\"},\"thumbnailUrl\":\"https:\/\/myparistransfer.com\/wp-content\/uploads\/2023\/04\/the-car-on-the-road-with-the-forest-around-it--1024x682.jpg\",\"datePublished\":\"2023-04-05T08:26:10+00:00\",\"dateModified\":\"2023-11-06T15:40:33+00:00\",\"description\":\"Descubra nuestro servicio de traslados de larga distancia y viaje con tranquilidad a sus destinos lejanos con myparistransfers.\",\"breadcrumb\":{\"@id\":\"https:\/\/myparistransfer.com\/es\/traslados-de-larga-distancia\/#breadcrumb\"},\"inLanguage\":\"es\",\"potentialAction\":[{\"@type\":\"ReadAction\",\"target\":[\"https:\/\/myparistransfer.com\/es\/traslados-de-larga-distancia\/\"]}]},{\"@type\":\"ImageObject\",\"inLanguage\":\"es\",\"@id\":\"https:\/\/myparistransfer.com\/es\/traslados-de-larga-distancia\/#primaryimage\",\"url\":\"https:\/\/myparistransfer.com\/wp-content\/uploads\/2023\/04\/the-car-on-the-road-with-the-forest-around-it--1024x682.jpg\",\"contentUrl\":\"https:\/\/myparistransfer.com\/wp-content\/uploads\/2023\/04\/the-car-on-the-road-with-the-forest-around-it--1024x682.jpg\"},{\"@type\":\"BreadcrumbList\",\"@id\":\"https:\/\/myparistransfer.com\/es\/traslados-de-larga-distancia\/#breadcrumb\",\"itemListElement\":[{\"@type\":\"ListItem\",\"position\":1,\"name\":\"Accueil\",\"item\":\"https:\/\/myparistransfer.com\/es\/\"},{\"@type\":\"ListItem\",\"position\":2,\"name\":\"Traslados de larga distancia\"}]},{\"@type\":\"WebSite\",\"@id\":\"https:\/\/myparistransfer.com\/es\/#website\",\"url\":\"https:\/\/myparistransfer.com\/es\/\",\"name\":\"My Paris Transfer\",\"description\":\"Votre chauffeur sur Paris\",\"potentialAction\":[{\"@type\":\"SearchAction\",\"target\":{\"@type\":\"EntryPoint\",\"urlTemplate\":\"https:\/\/myparistransfer.com\/es\/?s={search_term_string}\"},\"query-input\":{\"@type\":\"PropertyValueSpecification\",\"valueRequired\":true,\"valueName\":\"search_term_string\"}}],\"inLanguage\":\"es\"}]}<\/script>\n<!-- \/ Yoast SEO plugin. -->","yoast_head_json":{"title":"Traslados de larga distancia - My Paris Transfer","description":"Descubra nuestro servicio de traslados de larga distancia y viaje con tranquilidad a sus destinos lejanos con myparistransfers.","robots":{"index":"index","follow":"follow","max-snippet":"max-snippet:-1","max-image-preview":"max-image-preview:large","max-video-preview":"max-video-preview:-1"},"canonical":"https:\/\/myparistransfer.com\/es\/traslados-de-larga-distancia\/","og_locale":"es_ES","og_type":"article","og_title":"Traslados de larga distancia - My Paris Transfer","og_description":"Descubra nuestro servicio de traslados de larga distancia y viaje con tranquilidad a sus destinos lejanos con myparistransfers.","og_url":"https:\/\/myparistransfer.com\/es\/traslados-de-larga-distancia\/","og_site_name":"My Paris Transfer","article_modified_time":"2023-11-06T15:40:33+00:00","og_image":[{"url":"https:\/\/myparistransfer.com\/wp-content\/uploads\/2023\/04\/the-car-on-the-road-with-the-forest-around-it--1024x682.jpg","type":"","width":"","height":""}],"twitter_card":"summary_large_image","twitter_misc":{"Tiempo de lectura":"1 minuto"},"schema":{"@context":"https:\/\/schema.org","@graph":[{"@type":"WebPage","@id":"https:\/\/myparistransfer.com\/es\/traslados-de-larga-distancia\/","url":"https:\/\/myparistransfer.com\/es\/traslados-de-larga-distancia\/","name":"Traslados de larga distancia - My Paris Transfer","isPartOf":{"@id":"https:\/\/myparistransfer.com\/es\/#website"},"primaryImageOfPage":{"@id":"https:\/\/myparistransfer.com\/es\/traslados-de-larga-distancia\/#primaryimage"},"image":{"@id":"https:\/\/myparistransfer.com\/es\/traslados-de-larga-distancia\/#primaryimage"},"thumbnailUrl":"https:\/\/myparistransfer.com\/wp-content\/uploads\/2023\/04\/the-car-on-the-road-with-the-forest-around-it--1024x682.jpg","datePublished":"2023-04-05T08:26:10+00:00","dateModified":"2023-11-06T15:40:33+00:00","description":"Descubra nuestro servicio de traslados de larga distancia y viaje con tranquilidad a sus destinos lejanos con myparistransfers.","breadcrumb":{"@id":"https:\/\/myparistransfer.com\/es\/traslados-de-larga-distancia\/#breadcrumb"},"inLanguage":"es","potentialAction":[{"@type":"ReadAction","target":["https:\/\/myparistransfer.com\/es\/traslados-de-larga-distancia\/"]}]},{"@type":"ImageObject","inLanguage":"es","@id":"https:\/\/myparistransfer.com\/es\/traslados-de-larga-distancia\/#primaryimage","url":"https:\/\/myparistransfer.com\/wp-content\/uploads\/2023\/04\/the-car-on-the-road-with-the-forest-around-it--1024x682.jpg","contentUrl":"https:\/\/myparistransfer.com\/wp-content\/uploads\/2023\/04\/the-car-on-the-road-with-the-forest-around-it--1024x682.jpg"},{"@type":"BreadcrumbList","@id":"https:\/\/myparistransfer.com\/es\/traslados-de-larga-distancia\/#breadcrumb","itemListElement":[{"@type":"ListItem","position":1,"name":"Accueil","item":"https:\/\/myparistransfer.com\/es\/"},{"@type":"ListItem","position":2,"name":"Traslados de larga distancia"}]},{"@type":"WebSite","@id":"https:\/\/myparistransfer.com\/es\/#website","url":"https:\/\/myparistransfer.com\/es\/","name":"My Paris Transfer","description":"Votre chauffeur sur Paris","potentialAction":[{"@type":"SearchAction","target":{"@type":"EntryPoint","urlTemplate":"https:\/\/myparistransfer.com\/es\/?s={search_term_string}"},"query-input":{"@type":"PropertyValueSpecification","valueRequired":true,"valueName":"search_term_string"}}],"inLanguage":"es"}]}},"_links":{"self":[{"href":"https:\/\/myparistransfer.com\/es\/wp-json\/wp\/v2\/pages\/859","targetHints":{"allow":["GET"]}}],"collection":[{"href":"https:\/\/myparistransfer.com\/es\/wp-json\/wp\/v2\/pages"}],"about":[{"href":"https:\/\/myparistransfer.com\/es\/wp-json\/wp\/v2\/types\/page"}],"author":[{"embeddable":true,"href":"https:\/\/myparistransfer.com\/es\/wp-json\/wp\/v2\/users\/2"}],"replies":[{"embeddable":true,"href":"https:\/\/myparistransfer.com\/es\/wp-json\/wp\/v2\/comments?post=859"}],"version-history":[{"count":1,"href":"https:\/\/myparistransfer.com\/es\/wp-json\/wp\/v2\/pages\/859\/revisions"}],"predecessor-version":[{"id":862,"href":"https:\/\/myparistransfer.com\/es\/wp-json\/wp\/v2\/pages\/859\/revisions\/862"}],"wp:attachment":[{"href":"https:\/\/myparistransfer.com\/es\/wp-json\/wp\/v2\/media?parent=859"}],"curies":[{"name":"wp","href":"https:\/\/api.w.org\/{rel}","templated":true}]}}