{"id":861,"date":"2023-04-05T10:39:05","date_gmt":"2023-04-05T08:39:05","guid":{"rendered":"https:\/\/myparistransfer.com\/conductor-a-tu-disposicion-semana-de-la-moda\/"},"modified":"2024-06-04T22:20:24","modified_gmt":"2024-06-04T20:20:24","slug":"conductor-a-tu-disposicion-semana-de-la-moda","status":"publish","type":"page","link":"https:\/\/myparistransfer.com\/es\/conductor-a-tu-disposicion-semana-de-la-moda\/","title":{"rendered":"Conductor a tu disposici\u00f3n \/ Semana de la Moda"},"content":{"rendered":"\t\t<div data-elementor-type=\"wp-page\" data-elementor-id=\"861\" class=\"elementor elementor-861 elementor-208\" data-elementor-post-type=\"page\">\n\t\t\t\t\t\t<section class=\"elementor-section elementor-top-section elementor-element elementor-element-7386dc6 elementor-section-height-min-height elementor-section-boxed elementor-section-height-default elementor-section-items-middle\" data-id=\"7386dc6\" data-element_type=\"section\" data-settings=\"{&quot;background_background&quot;:&quot;classic&quot;}\">\n\t\t\t\t\t\t\t<div class=\"elementor-background-overlay\"><\/div>\n\t\t\t\t\t\t\t<div class=\"elementor-container elementor-column-gap-default\">\n\t\t\t\t\t<div class=\"elementor-column elementor-col-100 elementor-top-column elementor-element elementor-element-88ec0f3\" data-id=\"88ec0f3\" data-element_type=\"column\">\n\t\t\t<div class=\"elementor-widget-wrap elementor-element-populated\">\n\t\t\t\t\t\t<div class=\"elementor-element elementor-element-9237b6d elementor-widget__width-initial elementor-widget elementor-widget-heading\" data-id=\"9237b6d\" data-element_type=\"widget\" data-widget_type=\"heading.default\">\n\t\t\t\t<div class=\"elementor-widget-container\">\n\t\t\t\t\t<h2 class=\"elementor-heading-title elementor-size-default\">Conductor a tu disposici\u00f3n \/ Semana de la Moda<\/h2>\t\t\t\t<\/div>\n\t\t\t\t<\/div>\n\t\t\t\t\t<\/div>\n\t\t<\/div>\n\t\t\t\t\t<\/div>\n\t\t<\/section>\n\t\t\t\t<section class=\"elementor-section elementor-top-section elementor-element elementor-element-63796a8 elementor-section-boxed elementor-section-height-default elementor-section-height-default\" data-id=\"63796a8\" data-element_type=\"section\">\n\t\t\t\t\t\t<div class=\"elementor-container elementor-column-gap-default\">\n\t\t\t\t\t<div class=\"elementor-column elementor-col-100 elementor-top-column elementor-element elementor-element-f01d529\" data-id=\"f01d529\" data-element_type=\"column\">\n\t\t\t<div class=\"elementor-widget-wrap elementor-element-populated\">\n\t\t\t\t\t\t<div class=\"elementor-element elementor-element-553cd0f elementor-widget elementor-widget-heading\" data-id=\"553cd0f\" data-element_type=\"widget\" data-widget_type=\"heading.default\">\n\t\t\t\t<div class=\"elementor-widget-container\">\n\t\t\t\t\t<h3 class=\"elementor-heading-title elementor-size-default\">Reserva<\/h3>\t\t\t\t<\/div>\n\t\t\t\t<\/div>\n\t\t\t\t<div class=\"elementor-element elementor-element-1f5f437 elementor-widget__width-initial elementor-widget elementor-widget-html\" data-id=\"1f5f437\" data-element_type=\"widget\" data-widget_type=\"html.default\">\n\t\t\t\t<div class=\"elementor-widget-container\">\n\t\t\t\t\t<iframe title=\"M\u00f3dulo de comando de orden de libertad\" width=\"800\" height=\"800\" src=\"https:\/\/myparistransfer.libertyorder.fr\/\" allow=\"geolocation\"> \n<\/iframe>\t\t\t\t<\/div>\n\t\t\t\t<\/div>\n\t\t\t\t\t<\/div>\n\t\t<\/div>\n\t\t\t\t\t<\/div>\n\t\t<\/section>\n\t\t\t\t<section class=\"elementor-section elementor-top-section elementor-element elementor-element-ba16460 elementor-section-boxed elementor-section-height-default elementor-section-height-default\" data-id=\"ba16460\" data-element_type=\"section\">\n\t\t\t\t\t\t<div class=\"elementor-container elementor-column-gap-default\">\n\t\t\t\t\t<div class=\"elementor-column elementor-col-100 elementor-top-column elementor-element elementor-element-4de3573\" data-id=\"4de3573\" data-element_type=\"column\">\n\t\t\t<div class=\"elementor-widget-wrap elementor-element-populated\">\n\t\t\t\t\t\t<div class=\"elementor-element elementor-element-8b15aaf elementor-widget elementor-widget-heading\" data-id=\"8b15aaf\" data-element_type=\"widget\" data-widget_type=\"heading.default\">\n\t\t\t\t<div class=\"elementor-widget-container\">\n\t\t\t\t\t<h3 class=\"elementor-heading-title elementor-size-default\">\u00bfBuscas un servicio de transporte de lujo para tus eventos profesionales o privados?<\/h3>\t\t\t\t<\/div>\n\t\t\t\t<\/div>\n\t\t\t\t<div class=\"elementor-element elementor-element-70f12b6 elementor-widget elementor-widget-text-editor\" data-id=\"70f12b6\" data-element_type=\"widget\" data-widget_type=\"text-editor.default\">\n\t\t\t\t<div class=\"elementor-widget-container\">\n\t\t\t\t\t\t\t\t\t<p><strong>My Paris Transfer<\/strong> ofrece un servicio de <strong>proporcionar conductores profesionales<\/strong> para satisfacer todas sus necesidades de transporte. Ya sea para <strong>eventos de negocios, bodas, fiestas privadas o incluso la Semana de la Moda,<\/strong> estamos aqu\u00ed para brindarle una experiencia de transporte superior.<\/p>\n<p>Ofrecemos una flota de veh\u00edculos de lujo de alta calidad, incluidos <strong>sedanes, SUV y limusinas,<\/strong> para satisfacer todas sus necesidades de transporte. Nuestros <strong>conductores profesionales son experimentados<\/strong> y corteses, y estar\u00e1n encantados de acompa\u00f1arle durante todo su evento.<\/p>\n<p>Tambi\u00e9n podemos personalizar su experiencia de transporte seg\u00fan sus necesidades espec\u00edficas.<\/p>\n\t\t\t\t\t\t\t\t<\/div>\n\t\t\t\t<\/div>\n\t\t\t\t\t<\/div>\n\t\t<\/div>\n\t\t\t\t\t<\/div>\n\t\t<\/section>\n\t\t\t\t<section class=\"elementor-section elementor-top-section elementor-element elementor-element-c58ce51 elementor-section-boxed elementor-section-height-default elementor-section-height-default\" data-id=\"c58ce51\" data-element_type=\"section\" data-settings=\"{&quot;background_background&quot;:&quot;classic&quot;}\">\n\t\t\t\t\t\t\t<div class=\"elementor-background-overlay\"><\/div>\n\t\t\t\t\t\t\t<div class=\"elementor-container elementor-column-gap-default\">\n\t\t\t\t\t<div class=\"elementor-column elementor-col-100 elementor-top-column elementor-element elementor-element-4c5444e animated-slow elementor-invisible\" data-id=\"4c5444e\" data-element_type=\"column\" data-settings=\"{&quot;animation&quot;:&quot;fadeIn&quot;}\">\n\t\t\t<div class=\"elementor-widget-wrap elementor-element-populated\">\n\t\t\t\t\t\t<div class=\"elementor-element elementor-element-cc392c8 elementor-widget elementor-widget-heading\" data-id=\"cc392c8\" data-element_type=\"widget\" data-widget_type=\"heading.default\">\n\t\t\t\t<div class=\"elementor-widget-container\">\n\t\t\t\t\t<h3 class=\"elementor-heading-title elementor-size-default\">Reserva ahora tu traslado privado<\/h3>\t\t\t\t<\/div>\n\t\t\t\t<\/div>\n\t\t\t\t<div class=\"elementor-element elementor-element-336ccd6 elementor-widget elementor-widget-text-editor\" data-id=\"336ccd6\" data-element_type=\"widget\" data-widget_type=\"text-editor.default\">\n\t\t\t\t<div class=\"elementor-widget-container\">\n\t\t\t\t\t\t\t\t\t<p>Disfrute de un servicio de transporte de lujo y superior con <strong>My Paris Transfer<\/strong>. Reserve ahora su traslado privado a <strong>Par\u00eds<\/strong> y sus alrededores  <\/p>\n<p>No se demore m\u00e1s y reserve ahora para beneficiarse de un traslado privado de alta calidad con <strong>My Paris Transfer<\/strong>.<\/p>\n\t\t\t\t\t\t\t\t<\/div>\n\t\t\t\t<\/div>\n\t\t\t\t<div class=\"elementor-element elementor-element-3205399 elementor-align-right elementor-widget__width-initial elementor-widget elementor-widget-button\" data-id=\"3205399\" data-element_type=\"widget\" data-widget_type=\"button.default\">\n\t\t\t\t<div class=\"elementor-widget-container\">\n\t\t\t\t\t\t\t\t\t<div class=\"elementor-button-wrapper\">\n\t\t\t\t\t<a class=\"elementor-button elementor-button-link elementor-size-md elementor-animation-shrink\" href=\"https:\/\/myparistransfer.com\/es\/contacto\/\">\n\t\t\t\t\t\t<span class=\"elementor-button-content-wrapper\">\n\t\t\t\t\t\t\t\t\t<span class=\"elementor-button-text\">Reserva<\/span>\n\t\t\t\t\t<\/span>\n\t\t\t\t\t<\/a>\n\t\t\t\t<\/div>\n\t\t\t\t\t\t\t\t<\/div>\n\t\t\t\t<\/div>\n\t\t\t\t<div class=\"elementor-element elementor-element-4c92009 elementor-widget__width-initial elementor-widget elementor-widget-button\" data-id=\"4c92009\" data-element_type=\"widget\" data-widget_type=\"button.default\">\n\t\t\t\t<div class=\"elementor-widget-container\">\n\t\t\t\t\t\t\t\t\t<div class=\"elementor-button-wrapper\">\n\t\t\t\t\t<a class=\"elementor-button elementor-button-link elementor-size-md elementor-animation-shrink\" href=\"tel:+33623153221\">\n\t\t\t\t\t\t<span class=\"elementor-button-content-wrapper\">\n\t\t\t\t\t\t\t\t\t<span class=\"elementor-button-text\">Tel\u00e9fono<\/span>\n\t\t\t\t\t<\/span>\n\t\t\t\t\t<\/a>\n\t\t\t\t<\/div>\n\t\t\t\t\t\t\t\t<\/div>\n\t\t\t\t<\/div>\n\t\t\t\t\t<\/div>\n\t\t<\/div>\n\t\t\t\t\t<\/div>\n\t\t<\/section>\n\t\t\t\t<\/div>\n\t\t","protected":false},"excerpt":{"rendered":"<p>Conductor a tu disposici\u00f3n \/ Semana de la Moda Reserva \u00bfBuscas un servicio de transporte de lujo para tus eventos profesionales o privados? My Paris Transfer ofrece un servicio de proporcionar conductores profesionales para satisfacer todas sus necesidades de transporte. Ya sea para eventos de negocios, bodas, fiestas privadas o incluso la Semana de la [&hellip;]<\/p>\n","protected":false},"author":2,"featured_media":0,"parent":0,"menu_order":0,"comment_status":"closed","ping_status":"closed","template":"","meta":{"footnotes":""},"class_list":["post-861","page","type-page","status-publish","hentry"],"yoast_head":"<!-- This site is optimized with the Yoast SEO plugin v26.4 - https:\/\/yoast.com\/wordpress\/plugins\/seo\/ -->\n<title>Conductor a tu disposici\u00f3n \/ Semana de la Moda - My Paris Transfer<\/title>\n<meta name=\"robots\" content=\"index, follow, max-snippet:-1, max-image-preview:large, max-video-preview:-1\" \/>\n<link rel=\"canonical\" href=\"https:\/\/myparistransfer.com\/es\/conductor-a-tu-disposicion-semana-de-la-moda\/\" \/>\n<meta property=\"og:locale\" content=\"es_ES\" \/>\n<meta property=\"og:type\" content=\"article\" \/>\n<meta property=\"og:title\" content=\"Conductor a tu disposici\u00f3n \/ Semana de la Moda - My Paris Transfer\" \/>\n<meta property=\"og:description\" content=\"Conductor a tu disposici\u00f3n \/ Semana de la Moda Reserva \u00bfBuscas un servicio de transporte de lujo para tus eventos profesionales o privados? My Paris Transfer ofrece un servicio de proporcionar conductores profesionales para satisfacer todas sus necesidades de transporte. Ya sea para eventos de negocios, bodas, fiestas privadas o incluso la Semana de la [&hellip;]\" \/>\n<meta property=\"og:url\" content=\"https:\/\/myparistransfer.com\/es\/conductor-a-tu-disposicion-semana-de-la-moda\/\" \/>\n<meta property=\"og:site_name\" content=\"My Paris Transfer\" \/>\n<meta property=\"article:modified_time\" content=\"2024-06-04T20:20:24+00:00\" \/>\n<meta name=\"twitter:card\" content=\"summary_large_image\" \/>\n<meta name=\"twitter:label1\" content=\"Tiempo de lectura\" \/>\n\t<meta name=\"twitter:data1\" content=\"1 minuto\" \/>\n<script type=\"application\/ld+json\" class=\"yoast-schema-graph\">{\"@context\":\"https:\/\/schema.org\",\"@graph\":[{\"@type\":\"WebPage\",\"@id\":\"https:\/\/myparistransfer.com\/es\/conductor-a-tu-disposicion-semana-de-la-moda\/\",\"url\":\"https:\/\/myparistransfer.com\/es\/conductor-a-tu-disposicion-semana-de-la-moda\/\",\"name\":\"Conductor a tu disposici\u00f3n \/ Semana de la Moda - My Paris Transfer\",\"isPartOf\":{\"@id\":\"https:\/\/myparistransfer.com\/es\/#website\"},\"datePublished\":\"2023-04-05T08:39:05+00:00\",\"dateModified\":\"2024-06-04T20:20:24+00:00\",\"breadcrumb\":{\"@id\":\"https:\/\/myparistransfer.com\/es\/conductor-a-tu-disposicion-semana-de-la-moda\/#breadcrumb\"},\"inLanguage\":\"es\",\"potentialAction\":[{\"@type\":\"ReadAction\",\"target\":[\"https:\/\/myparistransfer.com\/es\/conductor-a-tu-disposicion-semana-de-la-moda\/\"]}]},{\"@type\":\"BreadcrumbList\",\"@id\":\"https:\/\/myparistransfer.com\/es\/conductor-a-tu-disposicion-semana-de-la-moda\/#breadcrumb\",\"itemListElement\":[{\"@type\":\"ListItem\",\"position\":1,\"name\":\"Accueil\",\"item\":\"https:\/\/myparistransfer.com\/es\/\"},{\"@type\":\"ListItem\",\"position\":2,\"name\":\"Conductor a tu disposici\u00f3n \/ Semana de la Moda\"}]},{\"@type\":\"WebSite\",\"@id\":\"https:\/\/myparistransfer.com\/es\/#website\",\"url\":\"https:\/\/myparistransfer.com\/es\/\",\"name\":\"My Paris Transfer\",\"description\":\"Votre chauffeur sur Paris\",\"potentialAction\":[{\"@type\":\"SearchAction\",\"target\":{\"@type\":\"EntryPoint\",\"urlTemplate\":\"https:\/\/myparistransfer.com\/es\/?s={search_term_string}\"},\"query-input\":{\"@type\":\"PropertyValueSpecification\",\"valueRequired\":true,\"valueName\":\"search_term_string\"}}],\"inLanguage\":\"es\"}]}<\/script>\n<!-- \/ Yoast SEO plugin. -->","yoast_head_json":{"title":"Conductor a tu disposici\u00f3n \/ Semana de la Moda - My Paris Transfer","robots":{"index":"index","follow":"follow","max-snippet":"max-snippet:-1","max-image-preview":"max-image-preview:large","max-video-preview":"max-video-preview:-1"},"canonical":"https:\/\/myparistransfer.com\/es\/conductor-a-tu-disposicion-semana-de-la-moda\/","og_locale":"es_ES","og_type":"article","og_title":"Conductor a tu disposici\u00f3n \/ Semana de la Moda - My Paris Transfer","og_description":"Conductor a tu disposici\u00f3n \/ Semana de la Moda Reserva \u00bfBuscas un servicio de transporte de lujo para tus eventos profesionales o privados? My Paris Transfer ofrece un servicio de proporcionar conductores profesionales para satisfacer todas sus necesidades de transporte. Ya sea para eventos de negocios, bodas, fiestas privadas o incluso la Semana de la [&hellip;]","og_url":"https:\/\/myparistransfer.com\/es\/conductor-a-tu-disposicion-semana-de-la-moda\/","og_site_name":"My Paris Transfer","article_modified_time":"2024-06-04T20:20:24+00:00","twitter_card":"summary_large_image","twitter_misc":{"Tiempo de lectura":"1 minuto"},"schema":{"@context":"https:\/\/schema.org","@graph":[{"@type":"WebPage","@id":"https:\/\/myparistransfer.com\/es\/conductor-a-tu-disposicion-semana-de-la-moda\/","url":"https:\/\/myparistransfer.com\/es\/conductor-a-tu-disposicion-semana-de-la-moda\/","name":"Conductor a tu disposici\u00f3n \/ Semana de la Moda - My Paris Transfer","isPartOf":{"@id":"https:\/\/myparistransfer.com\/es\/#website"},"datePublished":"2023-04-05T08:39:05+00:00","dateModified":"2024-06-04T20:20:24+00:00","breadcrumb":{"@id":"https:\/\/myparistransfer.com\/es\/conductor-a-tu-disposicion-semana-de-la-moda\/#breadcrumb"},"inLanguage":"es","potentialAction":[{"@type":"ReadAction","target":["https:\/\/myparistransfer.com\/es\/conductor-a-tu-disposicion-semana-de-la-moda\/"]}]},{"@type":"BreadcrumbList","@id":"https:\/\/myparistransfer.com\/es\/conductor-a-tu-disposicion-semana-de-la-moda\/#breadcrumb","itemListElement":[{"@type":"ListItem","position":1,"name":"Accueil","item":"https:\/\/myparistransfer.com\/es\/"},{"@type":"ListItem","position":2,"name":"Conductor a tu disposici\u00f3n \/ Semana de la Moda"}]},{"@type":"WebSite","@id":"https:\/\/myparistransfer.com\/es\/#website","url":"https:\/\/myparistransfer.com\/es\/","name":"My Paris Transfer","description":"Votre chauffeur sur Paris","potentialAction":[{"@type":"SearchAction","target":{"@type":"EntryPoint","urlTemplate":"https:\/\/myparistransfer.com\/es\/?s={search_term_string}"},"query-input":{"@type":"PropertyValueSpecification","valueRequired":true,"valueName":"search_term_string"}}],"inLanguage":"es"}]}},"_links":{"self":[{"href":"https:\/\/myparistransfer.com\/es\/wp-json\/wp\/v2\/pages\/861","targetHints":{"allow":["GET"]}}],"collection":[{"href":"https:\/\/myparistransfer.com\/es\/wp-json\/wp\/v2\/pages"}],"about":[{"href":"https:\/\/myparistransfer.com\/es\/wp-json\/wp\/v2\/types\/page"}],"author":[{"embeddable":true,"href":"https:\/\/myparistransfer.com\/es\/wp-json\/wp\/v2\/users\/2"}],"replies":[{"embeddable":true,"href":"https:\/\/myparistransfer.com\/es\/wp-json\/wp\/v2\/comments?post=861"}],"version-history":[{"count":5,"href":"https:\/\/myparistransfer.com\/es\/wp-json\/wp\/v2\/pages\/861\/revisions"}],"predecessor-version":[{"id":1069,"href":"https:\/\/myparistransfer.com\/es\/wp-json\/wp\/v2\/pages\/861\/revisions\/1069"}],"wp:attachment":[{"href":"https:\/\/myparistransfer.com\/es\/wp-json\/wp\/v2\/media?parent=861"}],"curies":[{"name":"wp","href":"https:\/\/api.w.org\/{rel}","templated":true}]}}