{"id":866,"date":"2023-04-05T10:47:20","date_gmt":"2023-04-05T08:47:20","guid":{"rendered":"https:\/\/myparistransfer.com\/traslados-disneyland-aeropuertos\/"},"modified":"2024-06-04T15:23:25","modified_gmt":"2024-06-04T13:23:25","slug":"traslados-disneyland-aeropuertos","status":"publish","type":"page","link":"https:\/\/myparistransfer.com\/es\/traslados-disneyland-aeropuertos\/","title":{"rendered":"Traslados Disneyland &#8211; Aeropuertos"},"content":{"rendered":"\t\t<div data-elementor-type=\"wp-page\" data-elementor-id=\"866\" class=\"elementor elementor-866 elementor-223\" data-elementor-post-type=\"page\">\n\t\t\t\t\t\t<section class=\"elementor-section elementor-top-section elementor-element elementor-element-18c9ef1 elementor-section-height-min-height elementor-section-boxed elementor-section-height-default elementor-section-items-middle\" data-id=\"18c9ef1\" data-element_type=\"section\" data-settings=\"{&quot;background_background&quot;:&quot;classic&quot;}\">\n\t\t\t\t\t\t\t<div class=\"elementor-background-overlay\"><\/div>\n\t\t\t\t\t\t\t<div class=\"elementor-container elementor-column-gap-default\">\n\t\t\t\t\t<div class=\"elementor-column elementor-col-50 elementor-top-column elementor-element elementor-element-c789cc9\" data-id=\"c789cc9\" data-element_type=\"column\">\n\t\t\t<div class=\"elementor-widget-wrap elementor-element-populated\">\n\t\t\t\t\t\t<div class=\"elementor-element elementor-element-c8e7ce2 elementor-widget__width-initial elementor-widget elementor-widget-heading\" data-id=\"c8e7ce2\" data-element_type=\"widget\" data-widget_type=\"heading.default\">\n\t\t\t\t<div class=\"elementor-widget-container\">\n\t\t\t\t\t<h2 class=\"elementor-heading-title elementor-size-default\">Traslados Disneyland - Aeropuertos<\/h2>\t\t\t\t<\/div>\n\t\t\t\t<\/div>\n\t\t\t\t<div class=\"elementor-element elementor-element-8f15b5a elementor-widget elementor-widget-text-editor\" data-id=\"8f15b5a\" data-element_type=\"widget\" data-widget_type=\"text-editor.default\">\n\t\t\t\t<div class=\"elementor-widget-container\">\n\t\t\t\t\t\t\t\t\t<p>My Paris Transfer, su socio de confianza para sus traslados al aeropuerto de Disneyland.&nbsp;<\/p>\n\t\t\t\t\t\t\t\t<\/div>\n\t\t\t\t<\/div>\n\t\t\t\t\t<\/div>\n\t\t<\/div>\n\t\t\t\t<div class=\"elementor-column elementor-col-50 elementor-top-column elementor-element elementor-element-fc14efe elementor-hidden-tablet elementor-hidden-mobile\" data-id=\"fc14efe\" data-element_type=\"column\">\n\t\t\t<div class=\"elementor-widget-wrap elementor-element-populated\">\n\t\t\t\t\t\t<div class=\"elementor-element elementor-element-9e796d5 elementor-widget elementor-widget-spacer\" data-id=\"9e796d5\" data-element_type=\"widget\" data-widget_type=\"spacer.default\">\n\t\t\t\t<div class=\"elementor-widget-container\">\n\t\t\t\t\t\t\t<div class=\"elementor-spacer\">\n\t\t\t<div class=\"elementor-spacer-inner\"><\/div>\n\t\t<\/div>\n\t\t\t\t\t\t<\/div>\n\t\t\t\t<\/div>\n\t\t\t\t<div class=\"elementor-element elementor-element-36fe4aa elementor-widget elementor-widget-spacer\" data-id=\"36fe4aa\" data-element_type=\"widget\" data-widget_type=\"spacer.default\">\n\t\t\t\t<div class=\"elementor-widget-container\">\n\t\t\t\t\t\t\t<div class=\"elementor-spacer\">\n\t\t\t<div class=\"elementor-spacer-inner\"><\/div>\n\t\t<\/div>\n\t\t\t\t\t\t<\/div>\n\t\t\t\t<\/div>\n\t\t\t\t\t<\/div>\n\t\t<\/div>\n\t\t\t\t\t<\/div>\n\t\t<\/section>\n\t\t\t\t<section class=\"elementor-section elementor-top-section elementor-element elementor-element-3e45722 elementor-section-boxed elementor-section-height-default elementor-section-height-default\" data-id=\"3e45722\" data-element_type=\"section\">\n\t\t\t\t\t\t<div class=\"elementor-container elementor-column-gap-default\">\n\t\t\t\t\t<div class=\"elementor-column elementor-col-100 elementor-top-column elementor-element elementor-element-4c9a3c3\" data-id=\"4c9a3c3\" data-element_type=\"column\">\n\t\t\t<div class=\"elementor-widget-wrap elementor-element-populated\">\n\t\t\t\t\t\t<div class=\"elementor-element elementor-element-54a444e elementor-widget elementor-widget-heading\" data-id=\"54a444e\" data-element_type=\"widget\" data-widget_type=\"heading.default\">\n\t\t\t\t<div class=\"elementor-widget-container\">\n\t\t\t\t\t<h3 class=\"elementor-heading-title elementor-size-default\">Reserva<\/h3>\t\t\t\t<\/div>\n\t\t\t\t<\/div>\n\t\t\t\t<div class=\"elementor-element elementor-element-1102c41 elementor-widget elementor-widget-html\" data-id=\"1102c41\" data-element_type=\"widget\" data-widget_type=\"html.default\">\n\t\t\t\t<div class=\"elementor-widget-container\">\n\t\t\t\t\t<iframe title=\"M\u00f3dulo de comando de orden de libertad\" width=\"800\" height=\"800\" src=\"https:\/\/myparistransfer.libertyorder.fr\/\" allow=\"geolocation\"> \n<\/iframe>\t\t\t\t<\/div>\n\t\t\t\t<\/div>\n\t\t\t\t\t<\/div>\n\t\t<\/div>\n\t\t\t\t\t<\/div>\n\t\t<\/section>\n\t\t\t\t<section class=\"elementor-section elementor-top-section elementor-element elementor-element-f27f895 elementor-section-boxed elementor-section-height-default elementor-section-height-default\" data-id=\"f27f895\" data-element_type=\"section\">\n\t\t\t\t\t\t<div class=\"elementor-container elementor-column-gap-default\">\n\t\t\t\t\t<div class=\"elementor-column elementor-col-100 elementor-top-column elementor-element elementor-element-454f75b\" data-id=\"454f75b\" data-element_type=\"column\">\n\t\t\t<div class=\"elementor-widget-wrap elementor-element-populated\">\n\t\t\t\t\t\t<div class=\"elementor-element elementor-element-9eb3207 elementor-widget elementor-widget-image\" data-id=\"9eb3207\" data-element_type=\"widget\" data-widget_type=\"image.default\">\n\t\t\t\t<div class=\"elementor-widget-container\">\n\t\t\t\t\t\t\t\t\t\t\t\t\t\t\t<img fetchpriority=\"high\" decoding=\"async\" width=\"800\" height=\"450\" src=\"https:\/\/myparistransfer.com\/wp-content\/uploads\/2023\/05\/natures-beauty-and-moments-in-nature-seen-in-disneyland-by-strolling-couple-with-child--1024x576.jpg\" class=\"attachment-large size-large wp-image-633\" alt=\"Transferts Disneyland - A\u00e9roports\u200b\" srcset=\"https:\/\/myparistransfer.com\/wp-content\/uploads\/2023\/05\/natures-beauty-and-moments-in-nature-seen-in-disneyland-by-strolling-couple-with-child--1024x576.jpg 1024w, https:\/\/myparistransfer.com\/wp-content\/uploads\/2023\/05\/natures-beauty-and-moments-in-nature-seen-in-disneyland-by-strolling-couple-with-child--300x169.jpg 300w, https:\/\/myparistransfer.com\/wp-content\/uploads\/2023\/05\/natures-beauty-and-moments-in-nature-seen-in-disneyland-by-strolling-couple-with-child--768x432.jpg 768w, https:\/\/myparistransfer.com\/wp-content\/uploads\/2023\/05\/natures-beauty-and-moments-in-nature-seen-in-disneyland-by-strolling-couple-with-child--1536x864.jpg 1536w, https:\/\/myparistransfer.com\/wp-content\/uploads\/2023\/05\/natures-beauty-and-moments-in-nature-seen-in-disneyland-by-strolling-couple-with-child-.jpg 2000w\" sizes=\"(max-width: 800px) 100vw, 800px\" \/>\t\t\t\t\t\t\t\t\t\t\t\t\t\t\t<\/div>\n\t\t\t\t<\/div>\n\t\t\t\t<div class=\"elementor-element elementor-element-9e733a5 elementor-widget elementor-widget-heading\" data-id=\"9e733a5\" data-element_type=\"widget\" data-widget_type=\"heading.default\">\n\t\t\t\t<div class=\"elementor-widget-container\">\n\t\t\t\t\t<h3 class=\"elementor-heading-title elementor-size-default\">\u00bfEst\u00e1s planeando un viaje a Disneyland Par\u00eds y buscas un servicio de traslado al aeropuerto?<\/h3>\t\t\t\t<\/div>\n\t\t\t\t<\/div>\n\t\t\t\t<div class=\"elementor-element elementor-element-edc51c6 elementor-widget elementor-widget-text-editor\" data-id=\"edc51c6\" data-element_type=\"widget\" data-widget_type=\"text-editor.default\">\n\t\t\t\t<div class=\"elementor-widget-container\">\n\t\t\t\t\t\t\t\t\t<p><strong>My Paris Transfer<\/strong> est\u00e1 aqu\u00ed para ofrecerle un servicio de traslado fiable y c\u00f3modo entre <strong>Disneyland<\/strong> Par\u00eds y los principales <strong>aeropuertos de Par\u00eds<\/strong>.<\/p>\n<p>Servimos a los aeropuertos de Par\u00eds <strong>Charles de Gaulle (CDG), Orly y Le Bourget<\/strong>, as\u00ed como a <strong>Disneyland Par\u00eds<\/strong> y sus alrededores. Ofrecemos una flota de veh\u00edculos de lujo de alta calidad, incluidos sedanes, SUV y furgonetas, para satisfacer todas sus necesidades de transporte. Nuestros conductores profesionales son experimentados y corteses, y estar\u00e1n encantados de acompa\u00f1arle durante todo su viaje.<\/p>\n<p><strong>Con My Paris Transfer<\/strong>, puede estar seguro de que est\u00e1 recibiendo un servicio de traslado fiable y puntual. Monitoreamos las condiciones del tr\u00e1fico en tiempo real para asegurarnos de que tenga un viaje r\u00e1pido y eficiente a su destino.<\/p>\n<p>Tambi\u00e9n ofrecemos un servicio Meet and Greet, donde uno de nuestros conductores te recibir\u00e1 a tu llegada al aeropuerto con un cartel con tu nombre y te ayudar\u00e1 con tu equipaje.<\/p>\n\t\t\t\t\t\t\t\t<\/div>\n\t\t\t\t<\/div>\n\t\t\t\t\t<\/div>\n\t\t<\/div>\n\t\t\t\t\t<\/div>\n\t\t<\/section>\n\t\t\t\t<section class=\"elementor-section elementor-top-section elementor-element elementor-element-df80f71 elementor-section-boxed elementor-section-height-default elementor-section-height-default\" data-id=\"df80f71\" data-element_type=\"section\" data-settings=\"{&quot;background_background&quot;:&quot;classic&quot;}\">\n\t\t\t\t\t\t\t<div class=\"elementor-background-overlay\"><\/div>\n\t\t\t\t\t\t\t<div class=\"elementor-container elementor-column-gap-default\">\n\t\t\t\t\t<div class=\"elementor-column elementor-col-100 elementor-top-column elementor-element elementor-element-69eef39 animated-slow elementor-invisible\" data-id=\"69eef39\" data-element_type=\"column\" data-settings=\"{&quot;animation&quot;:&quot;fadeIn&quot;}\">\n\t\t\t<div class=\"elementor-widget-wrap elementor-element-populated\">\n\t\t\t\t\t\t<div class=\"elementor-element elementor-element-444509e elementor-widget elementor-widget-heading\" data-id=\"444509e\" data-element_type=\"widget\" data-widget_type=\"heading.default\">\n\t\t\t\t<div class=\"elementor-widget-container\">\n\t\t\t\t\t<h3 class=\"elementor-heading-title elementor-size-default\">Reserva ahora tu traslado privado<\/h3>\t\t\t\t<\/div>\n\t\t\t\t<\/div>\n\t\t\t\t<div class=\"elementor-element elementor-element-afe1750 elementor-widget elementor-widget-text-editor\" data-id=\"afe1750\" data-element_type=\"widget\" data-widget_type=\"text-editor.default\">\n\t\t\t\t<div class=\"elementor-widget-container\">\n\t\t\t\t\t\t\t\t\t<p>Disfrute de un servicio de transporte de lujo y superior con <strong>My Paris Transfer<\/strong>. Reserve ahora su traslado privado a <strong>Par\u00eds<\/strong> y sus alrededores  <\/p>\n<p>No se demore m\u00e1s y reserve ahora para beneficiarse de un traslado privado de alta calidad con <strong>My Paris Transfer<\/strong>.<\/p>\n\t\t\t\t\t\t\t\t<\/div>\n\t\t\t\t<\/div>\n\t\t\t\t<div class=\"elementor-element elementor-element-eded6e0 elementor-align-right elementor-widget__width-initial elementor-widget elementor-widget-button\" data-id=\"eded6e0\" data-element_type=\"widget\" data-widget_type=\"button.default\">\n\t\t\t\t<div class=\"elementor-widget-container\">\n\t\t\t\t\t\t\t\t\t<div class=\"elementor-button-wrapper\">\n\t\t\t\t\t<a class=\"elementor-button elementor-button-link elementor-size-md elementor-animation-shrink\" href=\"https:\/\/myparistransfer.com\/es\/contacto\/\">\n\t\t\t\t\t\t<span class=\"elementor-button-content-wrapper\">\n\t\t\t\t\t\t\t\t\t<span class=\"elementor-button-text\">Reserva<\/span>\n\t\t\t\t\t<\/span>\n\t\t\t\t\t<\/a>\n\t\t\t\t<\/div>\n\t\t\t\t\t\t\t\t<\/div>\n\t\t\t\t<\/div>\n\t\t\t\t<div class=\"elementor-element elementor-element-44ac240 elementor-widget__width-initial elementor-widget elementor-widget-button\" data-id=\"44ac240\" data-element_type=\"widget\" data-widget_type=\"button.default\">\n\t\t\t\t<div class=\"elementor-widget-container\">\n\t\t\t\t\t\t\t\t\t<div class=\"elementor-button-wrapper\">\n\t\t\t\t\t<a class=\"elementor-button elementor-button-link elementor-size-md elementor-animation-shrink\" href=\"tel:+33623153221\">\n\t\t\t\t\t\t<span class=\"elementor-button-content-wrapper\">\n\t\t\t\t\t\t\t\t\t<span class=\"elementor-button-text\">Tel\u00e9fono<\/span>\n\t\t\t\t\t<\/span>\n\t\t\t\t\t<\/a>\n\t\t\t\t<\/div>\n\t\t\t\t\t\t\t\t<\/div>\n\t\t\t\t<\/div>\n\t\t\t\t\t<\/div>\n\t\t<\/div>\n\t\t\t\t\t<\/div>\n\t\t<\/section>\n\t\t\t\t<\/div>\n\t\t","protected":false},"excerpt":{"rendered":"<p>Traslados Disneyland &#8211; Aeropuertos My Paris Transfer, su socio de confianza para sus traslados al aeropuerto de Disneyland.&nbsp; Reserva \u00bfEst\u00e1s planeando un viaje a Disneyland Par\u00eds y buscas un servicio de traslado al aeropuerto? My Paris Transfer est\u00e1 aqu\u00ed para ofrecerle un servicio de traslado fiable y c\u00f3modo entre Disneyland Par\u00eds y los principales aeropuertos [&hellip;]<\/p>\n","protected":false},"author":2,"featured_media":0,"parent":0,"menu_order":0,"comment_status":"closed","ping_status":"closed","template":"","meta":{"footnotes":""},"class_list":["post-866","page","type-page","status-publish","hentry"],"yoast_head":"<!-- This site is optimized with the Yoast SEO plugin v26.4 - https:\/\/yoast.com\/wordpress\/plugins\/seo\/ -->\n<title>Traslados Disneyland - Aeropuertos - My Paris Transfer<\/title>\n<meta name=\"description\" content=\"My Paris Transfer, su socio de confianza para sus traslados al aeropuerto de Disneyland, Reserva en l\u00ednea disponible.\" \/>\n<meta name=\"robots\" content=\"index, follow, max-snippet:-1, max-image-preview:large, max-video-preview:-1\" \/>\n<link rel=\"canonical\" href=\"https:\/\/myparistransfer.com\/es\/traslados-disneyland-aeropuertos\/\" \/>\n<meta property=\"og:locale\" content=\"es_ES\" \/>\n<meta property=\"og:type\" content=\"article\" \/>\n<meta property=\"og:title\" content=\"Traslados Disneyland - Aeropuertos - My Paris Transfer\" \/>\n<meta property=\"og:description\" content=\"My Paris Transfer, su socio de confianza para sus traslados al aeropuerto de Disneyland, Reserva en l\u00ednea disponible.\" \/>\n<meta property=\"og:url\" content=\"https:\/\/myparistransfer.com\/es\/traslados-disneyland-aeropuertos\/\" \/>\n<meta property=\"og:site_name\" content=\"My Paris Transfer\" \/>\n<meta property=\"article:modified_time\" content=\"2024-06-04T13:23:25+00:00\" \/>\n<meta property=\"og:image\" content=\"https:\/\/myparistransfer.com\/wp-content\/uploads\/2023\/05\/natures-beauty-and-moments-in-nature-seen-in-disneyland-by-strolling-couple-with-child--1024x576.jpg\" \/>\n<meta name=\"twitter:card\" content=\"summary_large_image\" \/>\n<meta name=\"twitter:label1\" content=\"Tiempo de lectura\" \/>\n\t<meta name=\"twitter:data1\" content=\"1 minuto\" \/>\n<script type=\"application\/ld+json\" class=\"yoast-schema-graph\">{\"@context\":\"https:\/\/schema.org\",\"@graph\":[{\"@type\":\"WebPage\",\"@id\":\"https:\/\/myparistransfer.com\/es\/traslados-disneyland-aeropuertos\/\",\"url\":\"https:\/\/myparistransfer.com\/es\/traslados-disneyland-aeropuertos\/\",\"name\":\"Traslados Disneyland - Aeropuertos - My Paris Transfer\",\"isPartOf\":{\"@id\":\"https:\/\/myparistransfer.com\/es\/#website\"},\"primaryImageOfPage\":{\"@id\":\"https:\/\/myparistransfer.com\/es\/traslados-disneyland-aeropuertos\/#primaryimage\"},\"image\":{\"@id\":\"https:\/\/myparistransfer.com\/es\/traslados-disneyland-aeropuertos\/#primaryimage\"},\"thumbnailUrl\":\"https:\/\/myparistransfer.com\/wp-content\/uploads\/2023\/05\/natures-beauty-and-moments-in-nature-seen-in-disneyland-by-strolling-couple-with-child--1024x576.jpg\",\"datePublished\":\"2023-04-05T08:47:20+00:00\",\"dateModified\":\"2024-06-04T13:23:25+00:00\",\"description\":\"My Paris Transfer, su socio de confianza para sus traslados al aeropuerto de Disneyland, Reserva en l\u00ednea disponible.\",\"breadcrumb\":{\"@id\":\"https:\/\/myparistransfer.com\/es\/traslados-disneyland-aeropuertos\/#breadcrumb\"},\"inLanguage\":\"es\",\"potentialAction\":[{\"@type\":\"ReadAction\",\"target\":[\"https:\/\/myparistransfer.com\/es\/traslados-disneyland-aeropuertos\/\"]}]},{\"@type\":\"ImageObject\",\"inLanguage\":\"es\",\"@id\":\"https:\/\/myparistransfer.com\/es\/traslados-disneyland-aeropuertos\/#primaryimage\",\"url\":\"https:\/\/myparistransfer.com\/wp-content\/uploads\/2023\/05\/natures-beauty-and-moments-in-nature-seen-in-disneyland-by-strolling-couple-with-child--1024x576.jpg\",\"contentUrl\":\"https:\/\/myparistransfer.com\/wp-content\/uploads\/2023\/05\/natures-beauty-and-moments-in-nature-seen-in-disneyland-by-strolling-couple-with-child--1024x576.jpg\"},{\"@type\":\"BreadcrumbList\",\"@id\":\"https:\/\/myparistransfer.com\/es\/traslados-disneyland-aeropuertos\/#breadcrumb\",\"itemListElement\":[{\"@type\":\"ListItem\",\"position\":1,\"name\":\"Accueil\",\"item\":\"https:\/\/myparistransfer.com\/es\/\"},{\"@type\":\"ListItem\",\"position\":2,\"name\":\"Traslados Disneyland &#8211; Aeropuertos\"}]},{\"@type\":\"WebSite\",\"@id\":\"https:\/\/myparistransfer.com\/es\/#website\",\"url\":\"https:\/\/myparistransfer.com\/es\/\",\"name\":\"My Paris Transfer\",\"description\":\"Votre chauffeur sur Paris\",\"potentialAction\":[{\"@type\":\"SearchAction\",\"target\":{\"@type\":\"EntryPoint\",\"urlTemplate\":\"https:\/\/myparistransfer.com\/es\/?s={search_term_string}\"},\"query-input\":{\"@type\":\"PropertyValueSpecification\",\"valueRequired\":true,\"valueName\":\"search_term_string\"}}],\"inLanguage\":\"es\"}]}<\/script>\n<!-- \/ Yoast SEO plugin. -->","yoast_head_json":{"title":"Traslados Disneyland - Aeropuertos - My Paris Transfer","description":"My Paris Transfer, su socio de confianza para sus traslados al aeropuerto de Disneyland, Reserva en l\u00ednea disponible.","robots":{"index":"index","follow":"follow","max-snippet":"max-snippet:-1","max-image-preview":"max-image-preview:large","max-video-preview":"max-video-preview:-1"},"canonical":"https:\/\/myparistransfer.com\/es\/traslados-disneyland-aeropuertos\/","og_locale":"es_ES","og_type":"article","og_title":"Traslados Disneyland - Aeropuertos - My Paris Transfer","og_description":"My Paris Transfer, su socio de confianza para sus traslados al aeropuerto de Disneyland, Reserva en l\u00ednea disponible.","og_url":"https:\/\/myparistransfer.com\/es\/traslados-disneyland-aeropuertos\/","og_site_name":"My Paris Transfer","article_modified_time":"2024-06-04T13:23:25+00:00","og_image":[{"url":"https:\/\/myparistransfer.com\/wp-content\/uploads\/2023\/05\/natures-beauty-and-moments-in-nature-seen-in-disneyland-by-strolling-couple-with-child--1024x576.jpg","type":"","width":"","height":""}],"twitter_card":"summary_large_image","twitter_misc":{"Tiempo de lectura":"1 minuto"},"schema":{"@context":"https:\/\/schema.org","@graph":[{"@type":"WebPage","@id":"https:\/\/myparistransfer.com\/es\/traslados-disneyland-aeropuertos\/","url":"https:\/\/myparistransfer.com\/es\/traslados-disneyland-aeropuertos\/","name":"Traslados Disneyland - Aeropuertos - My Paris Transfer","isPartOf":{"@id":"https:\/\/myparistransfer.com\/es\/#website"},"primaryImageOfPage":{"@id":"https:\/\/myparistransfer.com\/es\/traslados-disneyland-aeropuertos\/#primaryimage"},"image":{"@id":"https:\/\/myparistransfer.com\/es\/traslados-disneyland-aeropuertos\/#primaryimage"},"thumbnailUrl":"https:\/\/myparistransfer.com\/wp-content\/uploads\/2023\/05\/natures-beauty-and-moments-in-nature-seen-in-disneyland-by-strolling-couple-with-child--1024x576.jpg","datePublished":"2023-04-05T08:47:20+00:00","dateModified":"2024-06-04T13:23:25+00:00","description":"My Paris Transfer, su socio de confianza para sus traslados al aeropuerto de Disneyland, Reserva en l\u00ednea disponible.","breadcrumb":{"@id":"https:\/\/myparistransfer.com\/es\/traslados-disneyland-aeropuertos\/#breadcrumb"},"inLanguage":"es","potentialAction":[{"@type":"ReadAction","target":["https:\/\/myparistransfer.com\/es\/traslados-disneyland-aeropuertos\/"]}]},{"@type":"ImageObject","inLanguage":"es","@id":"https:\/\/myparistransfer.com\/es\/traslados-disneyland-aeropuertos\/#primaryimage","url":"https:\/\/myparistransfer.com\/wp-content\/uploads\/2023\/05\/natures-beauty-and-moments-in-nature-seen-in-disneyland-by-strolling-couple-with-child--1024x576.jpg","contentUrl":"https:\/\/myparistransfer.com\/wp-content\/uploads\/2023\/05\/natures-beauty-and-moments-in-nature-seen-in-disneyland-by-strolling-couple-with-child--1024x576.jpg"},{"@type":"BreadcrumbList","@id":"https:\/\/myparistransfer.com\/es\/traslados-disneyland-aeropuertos\/#breadcrumb","itemListElement":[{"@type":"ListItem","position":1,"name":"Accueil","item":"https:\/\/myparistransfer.com\/es\/"},{"@type":"ListItem","position":2,"name":"Traslados Disneyland &#8211; Aeropuertos"}]},{"@type":"WebSite","@id":"https:\/\/myparistransfer.com\/es\/#website","url":"https:\/\/myparistransfer.com\/es\/","name":"My Paris Transfer","description":"Votre chauffeur sur Paris","potentialAction":[{"@type":"SearchAction","target":{"@type":"EntryPoint","urlTemplate":"https:\/\/myparistransfer.com\/es\/?s={search_term_string}"},"query-input":{"@type":"PropertyValueSpecification","valueRequired":true,"valueName":"search_term_string"}}],"inLanguage":"es"}]}},"_links":{"self":[{"href":"https:\/\/myparistransfer.com\/es\/wp-json\/wp\/v2\/pages\/866","targetHints":{"allow":["GET"]}}],"collection":[{"href":"https:\/\/myparistransfer.com\/es\/wp-json\/wp\/v2\/pages"}],"about":[{"href":"https:\/\/myparistransfer.com\/es\/wp-json\/wp\/v2\/types\/page"}],"author":[{"embeddable":true,"href":"https:\/\/myparistransfer.com\/es\/wp-json\/wp\/v2\/users\/2"}],"replies":[{"embeddable":true,"href":"https:\/\/myparistransfer.com\/es\/wp-json\/wp\/v2\/comments?post=866"}],"version-history":[{"count":9,"href":"https:\/\/myparistransfer.com\/es\/wp-json\/wp\/v2\/pages\/866\/revisions"}],"predecessor-version":[{"id":1019,"href":"https:\/\/myparistransfer.com\/es\/wp-json\/wp\/v2\/pages\/866\/revisions\/1019"}],"wp:attachment":[{"href":"https:\/\/myparistransfer.com\/es\/wp-json\/wp\/v2\/media?parent=866"}],"curies":[{"name":"wp","href":"https:\/\/api.w.org\/{rel}","templated":true}]}}