{"id":867,"date":"2023-04-05T10:42:41","date_gmt":"2023-04-05T08:42:41","guid":{"rendered":"https:\/\/myparistransfer.com\/traslados\/"},"modified":"2023-11-06T16:40:34","modified_gmt":"2023-11-06T15:40:34","slug":"traslados","status":"publish","type":"page","link":"https:\/\/myparistransfer.com\/es\/traslados\/","title":{"rendered":"Traslados"},"content":{"rendered":"\t\t<div data-elementor-type=\"wp-page\" data-elementor-id=\"867\" class=\"elementor elementor-867 elementor-217\" data-elementor-post-type=\"page\">\n\t\t\t\t\t\t<section class=\"elementor-section elementor-top-section elementor-element elementor-element-d377216 elementor-section-height-min-height elementor-section-boxed elementor-section-height-default elementor-section-items-middle\" data-id=\"d377216\" data-element_type=\"section\" data-settings=\"{&quot;background_background&quot;:&quot;classic&quot;}\">\n\t\t\t\t\t\t\t<div class=\"elementor-background-overlay\"><\/div>\n\t\t\t\t\t\t\t<div class=\"elementor-container elementor-column-gap-default\">\n\t\t\t\t\t<div class=\"elementor-column elementor-col-50 elementor-top-column elementor-element elementor-element-e755b7d\" data-id=\"e755b7d\" data-element_type=\"column\">\n\t\t\t<div class=\"elementor-widget-wrap elementor-element-populated\">\n\t\t\t\t\t\t<div class=\"elementor-element elementor-element-fa1be19 elementor-widget__width-initial elementor-widget elementor-widget-heading\" data-id=\"fa1be19\" data-element_type=\"widget\" data-widget_type=\"heading.default\">\n\t\t\t\t<div class=\"elementor-widget-container\">\n\t\t\t\t\t<h2 class=\"elementor-heading-title elementor-size-default\">Traslados<\/h2>\t\t\t\t<\/div>\n\t\t\t\t<\/div>\n\t\t\t\t\t<\/div>\n\t\t<\/div>\n\t\t\t\t<div class=\"elementor-column elementor-col-50 elementor-top-column elementor-element elementor-element-46819cb elementor-hidden-tablet elementor-hidden-mobile\" data-id=\"46819cb\" data-element_type=\"column\">\n\t\t\t<div class=\"elementor-widget-wrap elementor-element-populated\">\n\t\t\t\t\t\t<div class=\"elementor-element elementor-element-9130a45 elementor-widget elementor-widget-spacer\" data-id=\"9130a45\" data-element_type=\"widget\" data-widget_type=\"spacer.default\">\n\t\t\t\t<div class=\"elementor-widget-container\">\n\t\t\t\t\t\t\t<div class=\"elementor-spacer\">\n\t\t\t<div class=\"elementor-spacer-inner\"><\/div>\n\t\t<\/div>\n\t\t\t\t\t\t<\/div>\n\t\t\t\t<\/div>\n\t\t\t\t<div class=\"elementor-element elementor-element-bdc140d elementor-widget elementor-widget-spacer\" data-id=\"bdc140d\" data-element_type=\"widget\" data-widget_type=\"spacer.default\">\n\t\t\t\t<div class=\"elementor-widget-container\">\n\t\t\t\t\t\t\t<div class=\"elementor-spacer\">\n\t\t\t<div class=\"elementor-spacer-inner\"><\/div>\n\t\t<\/div>\n\t\t\t\t\t\t<\/div>\n\t\t\t\t<\/div>\n\t\t\t\t\t<\/div>\n\t\t<\/div>\n\t\t\t\t\t<\/div>\n\t\t<\/section>\n\t\t\t\t<section class=\"elementor-section elementor-top-section elementor-element elementor-element-36afa7d elementor-section-boxed elementor-section-height-default elementor-section-height-default\" data-id=\"36afa7d\" data-element_type=\"section\">\n\t\t\t\t\t\t<div class=\"elementor-container elementor-column-gap-default\">\n\t\t\t\t\t<div class=\"elementor-column elementor-col-100 elementor-top-column elementor-element elementor-element-bcc3f90\" data-id=\"bcc3f90\" data-element_type=\"column\">\n\t\t\t<div class=\"elementor-widget-wrap elementor-element-populated\">\n\t\t\t\t\t\t<div class=\"elementor-element elementor-element-7bc26de elementor-widget elementor-widget-heading\" data-id=\"7bc26de\" data-element_type=\"widget\" data-widget_type=\"heading.default\">\n\t\t\t\t<div class=\"elementor-widget-container\">\n\t\t\t\t\t<h3 class=\"elementor-heading-title elementor-size-default\">\u00bfEst\u00e1 buscando un servicio de traslado al aeropuerto de calidad?<\/h3>\t\t\t\t<\/div>\n\t\t\t\t<\/div>\n\t\t\t\t<section class=\"elementor-section elementor-inner-section elementor-element elementor-element-e3cbf85 elementor-section-boxed elementor-section-height-default elementor-section-height-default\" data-id=\"e3cbf85\" data-element_type=\"section\">\n\t\t\t\t\t\t<div class=\"elementor-container elementor-column-gap-default\">\n\t\t\t\t\t<div class=\"elementor-column elementor-col-100 elementor-inner-column elementor-element elementor-element-3fc206d\" data-id=\"3fc206d\" data-element_type=\"column\">\n\t\t\t<div class=\"elementor-widget-wrap elementor-element-populated\">\n\t\t\t\t\t\t<div class=\"elementor-element elementor-element-04f0ad8 elementor-widget elementor-widget-text-editor\" data-id=\"04f0ad8\" data-element_type=\"widget\" data-widget_type=\"text-editor.default\">\n\t\t\t\t<div class=\"elementor-widget-container\">\n\t\t\t\t\t\t\t\t\t<p><strong>My Paris Transfer<\/strong> est\u00e1 aqu\u00ed para ofrecerle un <strong>servicio de traslado<\/strong> fiable, eficiente y c\u00f3modo.<\/p>\n<p>Servimos a los principales <strong>aeropuertos de Par\u00eds<\/strong>, incluyendo <strong>Charles de Gaulle (CDG), Orly y Le Bourget<\/strong>. Ofrecemos una flota de veh\u00edculos de lujo de alta calidad, incluidos sedanes, SUV y furgonetas, para satisfacer todas sus necesidades de transporte. Nuestros <strong>conductores profesionales<\/strong> son experimentados y corteses, y estar\u00e1n encantados de acompa\u00f1arle durante todo su viaje.<\/p>\n<p><strong>Con My Paris Transfer<\/strong>, puede estar seguro de que se beneficiar\u00e1 de un servicio de traslado al <strong>aeropuerto<\/strong> <strong>fiable y puntual.<\/strong> Monitoreamos las condiciones del tr\u00e1fico en tiempo real para asegurarnos de que tenga un viaje r\u00e1pido y eficiente a su destino.<\/p>\n<p>Tambi\u00e9n ofrecemos un servicio Meet and Greet, donde uno de nuestros conductores te recibir\u00e1 a tu llegada al aeropuerto con un cartel con tu nombre y te ayudar\u00e1 con tu equipaje.<\/p>\n\t\t\t\t\t\t\t\t<\/div>\n\t\t\t\t<\/div>\n\t\t\t\t\t<\/div>\n\t\t<\/div>\n\t\t\t\t\t<\/div>\n\t\t<\/section>\n\t\t\t\t\t<\/div>\n\t\t<\/div>\n\t\t\t\t\t<\/div>\n\t\t<\/section>\n\t\t\t\t<section class=\"elementor-section elementor-top-section elementor-element elementor-element-2c6ee89 elementor-section-boxed elementor-section-height-default elementor-section-height-default\" data-id=\"2c6ee89\" data-element_type=\"section\">\n\t\t\t\t\t\t<div class=\"elementor-container elementor-column-gap-default\">\n\t\t\t\t\t<div class=\"elementor-column elementor-col-100 elementor-top-column elementor-element elementor-element-55c8f48\" data-id=\"55c8f48\" data-element_type=\"column\">\n\t\t\t<div class=\"elementor-widget-wrap elementor-element-populated\">\n\t\t\t\t\t\t<div class=\"elementor-element elementor-element-5b59204 elementor-widget__width-auto elementor-align-center elementor-widget elementor-widget-button\" data-id=\"5b59204\" data-element_type=\"widget\" data-widget_type=\"button.default\">\n\t\t\t\t<div class=\"elementor-widget-container\">\n\t\t\t\t\t\t\t\t\t<div class=\"elementor-button-wrapper\">\n\t\t\t\t\t<a class=\"elementor-button elementor-button-link elementor-size-md elementor-animation-shrink\" href=\"https:\/\/myparistransfer.com\/contact\/\">\n\t\t\t\t\t\t<span class=\"elementor-button-content-wrapper\">\n\t\t\t\t\t\t\t\t\t<span class=\"elementor-button-text\">Reservar en l\u00ednea<\/span>\n\t\t\t\t\t<\/span>\n\t\t\t\t\t<\/a>\n\t\t\t\t<\/div>\n\t\t\t\t\t\t\t\t<\/div>\n\t\t\t\t<\/div>\n\t\t\t\t<div class=\"elementor-element elementor-element-7205b2f elementor-widget__width-auto elementor-align-center elementor-widget elementor-widget-button\" data-id=\"7205b2f\" data-element_type=\"widget\" data-widget_type=\"button.default\">\n\t\t\t\t<div class=\"elementor-widget-container\">\n\t\t\t\t\t\t\t\t\t<div class=\"elementor-button-wrapper\">\n\t\t\t\t\t<a class=\"elementor-button elementor-button-link elementor-size-md elementor-animation-shrink\" href=\"tel:+33623153221\">\n\t\t\t\t\t\t<span class=\"elementor-button-content-wrapper\">\n\t\t\t\t\t\t\t\t\t<span class=\"elementor-button-text\">Tel\u00e9fono<\/span>\n\t\t\t\t\t<\/span>\n\t\t\t\t\t<\/a>\n\t\t\t\t<\/div>\n\t\t\t\t\t\t\t\t<\/div>\n\t\t\t\t<\/div>\n\t\t\t\t\t<\/div>\n\t\t<\/div>\n\t\t\t\t\t<\/div>\n\t\t<\/section>\n\t\t\t\t<section class=\"elementor-section elementor-top-section elementor-element elementor-element-2a7a98a elementor-section-boxed elementor-section-height-default elementor-section-height-default\" data-id=\"2a7a98a\" data-element_type=\"section\" data-settings=\"{&quot;background_background&quot;:&quot;classic&quot;}\">\n\t\t\t\t\t\t\t<div class=\"elementor-background-overlay\"><\/div>\n\t\t\t\t\t\t\t<div class=\"elementor-container elementor-column-gap-default\">\n\t\t\t\t\t<div class=\"elementor-column elementor-col-100 elementor-top-column elementor-element elementor-element-69b5213 animated-slow elementor-invisible\" data-id=\"69b5213\" data-element_type=\"column\" data-settings=\"{&quot;animation&quot;:&quot;fadeIn&quot;}\">\n\t\t\t<div class=\"elementor-widget-wrap elementor-element-populated\">\n\t\t\t\t\t\t<div class=\"elementor-element elementor-element-aac8ebd elementor-widget elementor-widget-heading\" data-id=\"aac8ebd\" data-element_type=\"widget\" data-widget_type=\"heading.default\">\n\t\t\t\t<div class=\"elementor-widget-container\">\n\t\t\t\t\t<h3 class=\"elementor-heading-title elementor-size-default\">Reserva ahora tu traslado privado<\/h3>\t\t\t\t<\/div>\n\t\t\t\t<\/div>\n\t\t\t\t<div class=\"elementor-element elementor-element-941fd6a elementor-widget elementor-widget-text-editor\" data-id=\"941fd6a\" data-element_type=\"widget\" data-widget_type=\"text-editor.default\">\n\t\t\t\t<div class=\"elementor-widget-container\">\n\t\t\t\t\t\t\t\t\t<p>Disfrute de un servicio de transporte de lujo y superior con <strong>My Paris Transfer<\/strong>. Reserve ahora su traslado privado a <strong>Par\u00eds<\/strong> y sus alrededores  <\/p>\n<p>No se demore m\u00e1s y reserve ahora para beneficiarse de un traslado privado de alta calidad con <strong>My Paris Transfer<\/strong>.<\/p>\n\t\t\t\t\t\t\t\t<\/div>\n\t\t\t\t<\/div>\n\t\t\t\t<div class=\"elementor-element elementor-element-34161a1 elementor-align-right elementor-widget__width-initial elementor-widget elementor-widget-button\" data-id=\"34161a1\" data-element_type=\"widget\" data-widget_type=\"button.default\">\n\t\t\t\t<div class=\"elementor-widget-container\">\n\t\t\t\t\t\t\t\t\t<div class=\"elementor-button-wrapper\">\n\t\t\t\t\t<a class=\"elementor-button elementor-button-link elementor-size-md elementor-animation-shrink\" href=\"https:\/\/myparistransfer.com\/contact\/\">\n\t\t\t\t\t\t<span class=\"elementor-button-content-wrapper\">\n\t\t\t\t\t\t\t\t\t<span class=\"elementor-button-text\">Reserva<\/span>\n\t\t\t\t\t<\/span>\n\t\t\t\t\t<\/a>\n\t\t\t\t<\/div>\n\t\t\t\t\t\t\t\t<\/div>\n\t\t\t\t<\/div>\n\t\t\t\t<div class=\"elementor-element elementor-element-f5ab76a elementor-widget__width-initial elementor-widget elementor-widget-button\" data-id=\"f5ab76a\" data-element_type=\"widget\" data-widget_type=\"button.default\">\n\t\t\t\t<div class=\"elementor-widget-container\">\n\t\t\t\t\t\t\t\t\t<div class=\"elementor-button-wrapper\">\n\t\t\t\t\t<a class=\"elementor-button elementor-button-link elementor-size-md elementor-animation-shrink\" href=\"tel:+33623153221\">\n\t\t\t\t\t\t<span class=\"elementor-button-content-wrapper\">\n\t\t\t\t\t\t\t\t\t<span class=\"elementor-button-text\">Tel\u00e9fono<\/span>\n\t\t\t\t\t<\/span>\n\t\t\t\t\t<\/a>\n\t\t\t\t<\/div>\n\t\t\t\t\t\t\t\t<\/div>\n\t\t\t\t<\/div>\n\t\t\t\t\t<\/div>\n\t\t<\/div>\n\t\t\t\t\t<\/div>\n\t\t<\/section>\n\t\t\t\t<\/div>\n\t\t","protected":false},"excerpt":{"rendered":"<p>Traslados \u00bfEst\u00e1 buscando un servicio de traslado al aeropuerto de calidad? My Paris Transfer est\u00e1 aqu\u00ed para ofrecerle un servicio de traslado fiable, eficiente y c\u00f3modo. Servimos a los principales aeropuertos de Par\u00eds, incluyendo Charles de Gaulle (CDG), Orly y Le Bourget. Ofrecemos una flota de veh\u00edculos de lujo de alta calidad, incluidos sedanes, SUV [&hellip;]<\/p>\n","protected":false},"author":2,"featured_media":0,"parent":0,"menu_order":0,"comment_status":"closed","ping_status":"closed","template":"","meta":{"footnotes":""},"class_list":["post-867","page","type-page","status-publish","hentry"],"yoast_head":"<!-- This site is optimized with the Yoast SEO plugin v26.4 - https:\/\/yoast.com\/wordpress\/plugins\/seo\/ -->\n<title>Traslados - My Paris Transfer<\/title>\n<meta name=\"robots\" content=\"index, follow, max-snippet:-1, max-image-preview:large, max-video-preview:-1\" \/>\n<link rel=\"canonical\" href=\"https:\/\/myparistransfer.com\/es\/traslados\/\" \/>\n<meta property=\"og:locale\" content=\"es_ES\" \/>\n<meta property=\"og:type\" content=\"article\" \/>\n<meta property=\"og:title\" content=\"Traslados - My Paris Transfer\" \/>\n<meta property=\"og:description\" content=\"Traslados \u00bfEst\u00e1 buscando un servicio de traslado al aeropuerto de calidad? My Paris Transfer est\u00e1 aqu\u00ed para ofrecerle un servicio de traslado fiable, eficiente y c\u00f3modo. Servimos a los principales aeropuertos de Par\u00eds, incluyendo Charles de Gaulle (CDG), Orly y Le Bourget. Ofrecemos una flota de veh\u00edculos de lujo de alta calidad, incluidos sedanes, SUV [&hellip;]\" \/>\n<meta property=\"og:url\" content=\"https:\/\/myparistransfer.com\/es\/traslados\/\" \/>\n<meta property=\"og:site_name\" content=\"My Paris Transfer\" \/>\n<meta property=\"article:modified_time\" content=\"2023-11-06T15:40:34+00:00\" \/>\n<meta name=\"twitter:card\" content=\"summary_large_image\" \/>\n<meta name=\"twitter:label1\" content=\"Tiempo de lectura\" \/>\n\t<meta name=\"twitter:data1\" content=\"1 minuto\" \/>\n<script type=\"application\/ld+json\" class=\"yoast-schema-graph\">{\"@context\":\"https:\/\/schema.org\",\"@graph\":[{\"@type\":\"WebPage\",\"@id\":\"https:\/\/myparistransfer.com\/es\/traslados\/\",\"url\":\"https:\/\/myparistransfer.com\/es\/traslados\/\",\"name\":\"Traslados - My Paris Transfer\",\"isPartOf\":{\"@id\":\"https:\/\/myparistransfer.com\/es\/#website\"},\"datePublished\":\"2023-04-05T08:42:41+00:00\",\"dateModified\":\"2023-11-06T15:40:34+00:00\",\"breadcrumb\":{\"@id\":\"https:\/\/myparistransfer.com\/es\/traslados\/#breadcrumb\"},\"inLanguage\":\"es\",\"potentialAction\":[{\"@type\":\"ReadAction\",\"target\":[\"https:\/\/myparistransfer.com\/es\/traslados\/\"]}]},{\"@type\":\"BreadcrumbList\",\"@id\":\"https:\/\/myparistransfer.com\/es\/traslados\/#breadcrumb\",\"itemListElement\":[{\"@type\":\"ListItem\",\"position\":1,\"name\":\"Accueil\",\"item\":\"https:\/\/myparistransfer.com\/es\/\"},{\"@type\":\"ListItem\",\"position\":2,\"name\":\"Traslados\"}]},{\"@type\":\"WebSite\",\"@id\":\"https:\/\/myparistransfer.com\/es\/#website\",\"url\":\"https:\/\/myparistransfer.com\/es\/\",\"name\":\"My Paris Transfer\",\"description\":\"Votre chauffeur sur Paris\",\"potentialAction\":[{\"@type\":\"SearchAction\",\"target\":{\"@type\":\"EntryPoint\",\"urlTemplate\":\"https:\/\/myparistransfer.com\/es\/?s={search_term_string}\"},\"query-input\":{\"@type\":\"PropertyValueSpecification\",\"valueRequired\":true,\"valueName\":\"search_term_string\"}}],\"inLanguage\":\"es\"}]}<\/script>\n<!-- \/ Yoast SEO plugin. -->","yoast_head_json":{"title":"Traslados - My Paris Transfer","robots":{"index":"index","follow":"follow","max-snippet":"max-snippet:-1","max-image-preview":"max-image-preview:large","max-video-preview":"max-video-preview:-1"},"canonical":"https:\/\/myparistransfer.com\/es\/traslados\/","og_locale":"es_ES","og_type":"article","og_title":"Traslados - My Paris Transfer","og_description":"Traslados \u00bfEst\u00e1 buscando un servicio de traslado al aeropuerto de calidad? My Paris Transfer est\u00e1 aqu\u00ed para ofrecerle un servicio de traslado fiable, eficiente y c\u00f3modo. Servimos a los principales aeropuertos de Par\u00eds, incluyendo Charles de Gaulle (CDG), Orly y Le Bourget. Ofrecemos una flota de veh\u00edculos de lujo de alta calidad, incluidos sedanes, SUV [&hellip;]","og_url":"https:\/\/myparistransfer.com\/es\/traslados\/","og_site_name":"My Paris Transfer","article_modified_time":"2023-11-06T15:40:34+00:00","twitter_card":"summary_large_image","twitter_misc":{"Tiempo de lectura":"1 minuto"},"schema":{"@context":"https:\/\/schema.org","@graph":[{"@type":"WebPage","@id":"https:\/\/myparistransfer.com\/es\/traslados\/","url":"https:\/\/myparistransfer.com\/es\/traslados\/","name":"Traslados - My Paris Transfer","isPartOf":{"@id":"https:\/\/myparistransfer.com\/es\/#website"},"datePublished":"2023-04-05T08:42:41+00:00","dateModified":"2023-11-06T15:40:34+00:00","breadcrumb":{"@id":"https:\/\/myparistransfer.com\/es\/traslados\/#breadcrumb"},"inLanguage":"es","potentialAction":[{"@type":"ReadAction","target":["https:\/\/myparistransfer.com\/es\/traslados\/"]}]},{"@type":"BreadcrumbList","@id":"https:\/\/myparistransfer.com\/es\/traslados\/#breadcrumb","itemListElement":[{"@type":"ListItem","position":1,"name":"Accueil","item":"https:\/\/myparistransfer.com\/es\/"},{"@type":"ListItem","position":2,"name":"Traslados"}]},{"@type":"WebSite","@id":"https:\/\/myparistransfer.com\/es\/#website","url":"https:\/\/myparistransfer.com\/es\/","name":"My Paris Transfer","description":"Votre chauffeur sur Paris","potentialAction":[{"@type":"SearchAction","target":{"@type":"EntryPoint","urlTemplate":"https:\/\/myparistransfer.com\/es\/?s={search_term_string}"},"query-input":{"@type":"PropertyValueSpecification","valueRequired":true,"valueName":"search_term_string"}}],"inLanguage":"es"}]}},"_links":{"self":[{"href":"https:\/\/myparistransfer.com\/es\/wp-json\/wp\/v2\/pages\/867","targetHints":{"allow":["GET"]}}],"collection":[{"href":"https:\/\/myparistransfer.com\/es\/wp-json\/wp\/v2\/pages"}],"about":[{"href":"https:\/\/myparistransfer.com\/es\/wp-json\/wp\/v2\/types\/page"}],"author":[{"embeddable":true,"href":"https:\/\/myparistransfer.com\/es\/wp-json\/wp\/v2\/users\/2"}],"replies":[{"embeddable":true,"href":"https:\/\/myparistransfer.com\/es\/wp-json\/wp\/v2\/comments?post=867"}],"version-history":[{"count":1,"href":"https:\/\/myparistransfer.com\/es\/wp-json\/wp\/v2\/pages\/867\/revisions"}],"predecessor-version":[{"id":870,"href":"https:\/\/myparistransfer.com\/es\/wp-json\/wp\/v2\/pages\/867\/revisions\/870"}],"wp:attachment":[{"href":"https:\/\/myparistransfer.com\/es\/wp-json\/wp\/v2\/media?parent=867"}],"curies":[{"name":"wp","href":"https:\/\/api.w.org\/{rel}","templated":true}]}}