{"id":885,"date":"2023-04-05T10:12:42","date_gmt":"2023-04-05T08:12:42","guid":{"rendered":"https:\/\/myparistransfer.com\/trasferimenti-cdg-le-bourget-beauvais-orly\/"},"modified":"2024-06-04T15:52:30","modified_gmt":"2024-06-04T13:52:30","slug":"trasferimenti-cdg-le-bourget-beauvais-orly","status":"publish","type":"page","link":"https:\/\/myparistransfer.com\/it\/trasferimenti-cdg-le-bourget-beauvais-orly\/","title":{"rendered":"Trasferimenti CDG, Le Bourget, Beauvais, Orly."},"content":{"rendered":"\t\t<div data-elementor-type=\"wp-page\" data-elementor-id=\"885\" class=\"elementor elementor-885 elementor-181\" data-elementor-post-type=\"page\">\n\t\t\t\t\t\t<section class=\"elementor-section elementor-top-section elementor-element elementor-element-165b26f9 elementor-section-height-min-height elementor-section-boxed elementor-section-height-default elementor-section-items-middle\" data-id=\"165b26f9\" data-element_type=\"section\" data-settings=\"{&quot;background_background&quot;:&quot;classic&quot;}\">\n\t\t\t\t\t\t\t<div class=\"elementor-background-overlay\"><\/div>\n\t\t\t\t\t\t\t<div class=\"elementor-container elementor-column-gap-default\">\n\t\t\t\t\t<div class=\"elementor-column elementor-col-50 elementor-top-column elementor-element elementor-element-5afa0c89\" data-id=\"5afa0c89\" data-element_type=\"column\">\n\t\t\t<div class=\"elementor-widget-wrap elementor-element-populated\">\n\t\t\t\t\t\t<div class=\"elementor-element elementor-element-4f7b946b elementor-widget__width-initial elementor-widget elementor-widget-heading\" data-id=\"4f7b946b\" data-element_type=\"widget\" data-widget_type=\"heading.default\">\n\t\t\t\t<div class=\"elementor-widget-container\">\n\t\t\t\t\t<h2 class=\"elementor-heading-title elementor-size-default\">Trasferimenti aeroportuali CDG, Le Bourget, Beauvais, Orly.<\/h2>\t\t\t\t<\/div>\n\t\t\t\t<\/div>\n\t\t\t\t\t<\/div>\n\t\t<\/div>\n\t\t\t\t<div class=\"elementor-column elementor-col-50 elementor-top-column elementor-element elementor-element-7c608ad elementor-hidden-tablet elementor-hidden-mobile\" data-id=\"7c608ad\" data-element_type=\"column\">\n\t\t\t<div class=\"elementor-widget-wrap elementor-element-populated\">\n\t\t\t\t\t\t<div class=\"elementor-element elementor-element-3d0db466 elementor-widget elementor-widget-spacer\" data-id=\"3d0db466\" data-element_type=\"widget\" data-widget_type=\"spacer.default\">\n\t\t\t\t<div class=\"elementor-widget-container\">\n\t\t\t\t\t\t\t<div class=\"elementor-spacer\">\n\t\t\t<div class=\"elementor-spacer-inner\"><\/div>\n\t\t<\/div>\n\t\t\t\t\t\t<\/div>\n\t\t\t\t<\/div>\n\t\t\t\t<div class=\"elementor-element elementor-element-4a4e766a elementor-widget elementor-widget-spacer\" data-id=\"4a4e766a\" data-element_type=\"widget\" data-widget_type=\"spacer.default\">\n\t\t\t\t<div class=\"elementor-widget-container\">\n\t\t\t\t\t\t\t<div class=\"elementor-spacer\">\n\t\t\t<div class=\"elementor-spacer-inner\"><\/div>\n\t\t<\/div>\n\t\t\t\t\t\t<\/div>\n\t\t\t\t<\/div>\n\t\t\t\t\t<\/div>\n\t\t<\/div>\n\t\t\t\t\t<\/div>\n\t\t<\/section>\n\t\t\t\t<section class=\"elementor-section elementor-top-section elementor-element elementor-element-533547ef elementor-section-boxed elementor-section-height-default elementor-section-height-default\" data-id=\"533547ef\" data-element_type=\"section\">\n\t\t\t\t\t\t<div class=\"elementor-container elementor-column-gap-default\">\n\t\t\t\t\t<div class=\"elementor-column elementor-col-100 elementor-top-column elementor-element elementor-element-35179544\" data-id=\"35179544\" data-element_type=\"column\">\n\t\t\t<div class=\"elementor-widget-wrap elementor-element-populated\">\n\t\t\t\t\t\t<div class=\"elementor-element elementor-element-3e3260e3 elementor-widget elementor-widget-heading\" data-id=\"3e3260e3\" data-element_type=\"widget\" data-widget_type=\"heading.default\">\n\t\t\t\t<div class=\"elementor-widget-container\">\n\t\t\t\t\t<h3 class=\"elementor-heading-title elementor-size-default\">Viaggia in tutta tranquillit\u00e0 con il nostro servizio di trasferimento aeroportuale.<\/h3>\t\t\t\t<\/div>\n\t\t\t\t<\/div>\n\t\t\t\t<div class=\"elementor-element elementor-element-4116e2b6 elementor-widget elementor-widget-text-editor\" data-id=\"4116e2b6\" data-element_type=\"widget\" data-widget_type=\"text-editor.default\">\n\t\t\t\t<div class=\"elementor-widget-container\">\n\t\t\t\t\t\t\t\t\t<p>Stai cercando un servizio di transfer privato di qualit\u00e0 per raggiungere l&#8217;aeroporto? Non cercare oltre! <strong>My Paris Transfer<\/strong> \u00e8 qui per prendersi cura di tutte le tue esigenze di trasporto. Serviamo <strong>gli aeroporti di Parigi Charles De Gaulle (CDG), Orly e Le Bourget<\/strong> con la nostra flotta di veicoli di lusso e <strong>autisti professionisti<\/strong>.<\/p>\n\t\t\t\t\t\t\t\t<\/div>\n\t\t\t\t<\/div>\n\t\t\t\t\t<\/div>\n\t\t<\/div>\n\t\t\t\t\t<\/div>\n\t\t<\/section>\n\t\t\t\t<section class=\"elementor-section elementor-top-section elementor-element elementor-element-4212238 elementor-section-boxed elementor-section-height-default elementor-section-height-default\" data-id=\"4212238\" data-element_type=\"section\">\n\t\t\t\t\t\t<div class=\"elementor-container elementor-column-gap-default\">\n\t\t\t\t\t<div class=\"elementor-column elementor-col-100 elementor-top-column elementor-element elementor-element-3b3614d\" data-id=\"3b3614d\" data-element_type=\"column\">\n\t\t\t<div class=\"elementor-widget-wrap elementor-element-populated\">\n\t\t\t\t\t\t<div class=\"elementor-element elementor-element-acf3a90 elementor-widget elementor-widget-heading\" data-id=\"acf3a90\" data-element_type=\"widget\" data-widget_type=\"heading.default\">\n\t\t\t\t<div class=\"elementor-widget-container\">\n\t\t\t\t\t<h3 class=\"elementor-heading-title elementor-size-default\">Riservare<\/h3>\t\t\t\t<\/div>\n\t\t\t\t<\/div>\n\t\t\t\t<div class=\"elementor-element elementor-element-8020302 elementor-widget elementor-widget-html\" data-id=\"8020302\" data-element_type=\"widget\" data-widget_type=\"html.default\">\n\t\t\t\t<div class=\"elementor-widget-container\">\n\t\t\t\t\t<iframe title=\"Modulo di comando dell'ordine della libert\u00e0\" width=\"800\" height=\"800\" src=\"https:\/\/myparistransfer.libertyorder.fr\/\" allow=\"geolocation\"> \n<\/iframe>\t\t\t\t<\/div>\n\t\t\t\t<\/div>\n\t\t\t\t<div class=\"elementor-element elementor-element-9be8af6 elementor-widget elementor-widget-spacer\" data-id=\"9be8af6\" data-element_type=\"widget\" data-widget_type=\"spacer.default\">\n\t\t\t\t<div class=\"elementor-widget-container\">\n\t\t\t\t\t\t\t<div class=\"elementor-spacer\">\n\t\t\t<div class=\"elementor-spacer-inner\"><\/div>\n\t\t<\/div>\n\t\t\t\t\t\t<\/div>\n\t\t\t\t<\/div>\n\t\t\t\t\t<\/div>\n\t\t<\/div>\n\t\t\t\t\t<\/div>\n\t\t<\/section>\n\t\t\t\t<section class=\"elementor-section elementor-top-section elementor-element elementor-element-a8ea93a elementor-section-boxed elementor-section-height-default elementor-section-height-default\" data-id=\"a8ea93a\" data-element_type=\"section\">\n\t\t\t\t\t\t<div class=\"elementor-container elementor-column-gap-default\">\n\t\t\t\t\t<div class=\"elementor-column elementor-col-100 elementor-top-column elementor-element elementor-element-b595208\" data-id=\"b595208\" data-element_type=\"column\">\n\t\t\t<div class=\"elementor-widget-wrap elementor-element-populated\">\n\t\t\t\t\t\t<section class=\"elementor-section elementor-inner-section elementor-element elementor-element-448536b4 elementor-section-boxed elementor-section-height-default elementor-section-height-default\" data-id=\"448536b4\" data-element_type=\"section\">\n\t\t\t\t\t\t<div class=\"elementor-container elementor-column-gap-default\">\n\t\t\t\t\t<div class=\"elementor-column elementor-col-100 elementor-inner-column elementor-element elementor-element-36eb63fb\" data-id=\"36eb63fb\" data-element_type=\"column\">\n\t\t\t<div class=\"elementor-widget-wrap elementor-element-populated\">\n\t\t\t\t\t\t<div class=\"elementor-element elementor-element-7d3dc2d5 ekit-equal-height-disable elementor-widget elementor-widget-elementskit-icon-box\" data-id=\"7d3dc2d5\" data-element_type=\"widget\" data-widget_type=\"elementskit-icon-box.default\">\n\t\t\t\t<div class=\"elementor-widget-container\">\n\t\t\t\t\t<div class=\"ekit-wid-con\" >        <!-- link opening -->\n                <a href=\"#\" class=\"ekit_global_links\">\n                <!-- end link opening -->\n\n        <div class=\"elementskit-infobox text-left text-left icon-top-align elementor-animation-   \">\n                    <div class=\"elementskit-box-header elementor-animation-\">\n                <div class=\"elementskit-info-box-icon  \">\n                    <i aria-hidden=\"true\" class=\"elementkit-infobox-icon icon icon-car-2\"><\/i>\n                <\/div>\n          <\/div>\n                        <div class=\"box-body\">\n                            <h3 class=\"elementskit-info-box-title\">\n                    Autista professionista                  <\/h3>\n                        \t\t  \t<p>I nostri autisti esperti e cortesi vi incontreranno all'aeroporto e vi aiuteranno con i bagagli. Ci assicureremo che il tuo viaggio sia il pi\u00f9 confortevole e piacevole possibile, fornendo seggiolini auto per bambini e servizi per i viaggiatori d'affari. Possiamo anche fornirvi un servizio di accoglienza per aiutarvi a sbrigare le formalit\u00e0 aeroportuali in modo rapido e semplice.<\/p>\n                                <\/div>\n        \n        \n                <\/div>\n                <\/a>\n        <\/div>\t\t\t\t<\/div>\n\t\t\t\t<\/div>\n\t\t\t\t\t<\/div>\n\t\t<\/div>\n\t\t\t\t\t<\/div>\n\t\t<\/section>\n\t\t\t\t\t<\/div>\n\t\t<\/div>\n\t\t\t\t\t<\/div>\n\t\t<\/section>\n\t\t\t\t<section class=\"elementor-section elementor-top-section elementor-element elementor-element-e526a9d animated-slow elementor-section-boxed elementor-section-height-default elementor-section-height-default elementor-invisible\" data-id=\"e526a9d\" data-element_type=\"section\" data-settings=\"{&quot;animation&quot;:&quot;fadeInUp&quot;}\">\n\t\t\t\t\t\t<div class=\"elementor-container elementor-column-gap-default\">\n\t\t\t\t\t<div class=\"elementor-column elementor-col-33 elementor-top-column elementor-element elementor-element-1a1f6b9\" data-id=\"1a1f6b9\" data-element_type=\"column\" data-settings=\"{&quot;background_background&quot;:&quot;classic&quot;}\">\n\t\t\t<div class=\"elementor-widget-wrap elementor-element-populated\">\n\t\t\t\t\t<div class=\"elementor-background-overlay\"><\/div>\n\t\t\t\t\t\t<div class=\"elementor-element elementor-element-e243ba3 elementor-view-default elementor-widget elementor-widget-icon\" data-id=\"e243ba3\" data-element_type=\"widget\" data-widget_type=\"icon.default\">\n\t\t\t\t<div class=\"elementor-widget-container\">\n\t\t\t\t\t\t\t<div class=\"elementor-icon-wrapper\">\n\t\t\t<div class=\"elementor-icon\">\n\t\t\t<i aria-hidden=\"true\" class=\"fas fa-plane-departure\"><\/i>\t\t\t<\/div>\n\t\t<\/div>\n\t\t\t\t\t\t<\/div>\n\t\t\t\t<\/div>\n\t\t\t\t<div class=\"elementor-element elementor-element-b758d89 elementor-widget elementor-widget-heading\" data-id=\"b758d89\" data-element_type=\"widget\" data-widget_type=\"heading.default\">\n\t\t\t\t<div class=\"elementor-widget-container\">\n\t\t\t\t\t<h4 class=\"elementor-heading-title elementor-size-default\">Charles de Gaulle  <\/h4>\t\t\t\t<\/div>\n\t\t\t\t<\/div>\n\t\t\t\t<div class=\"elementor-element elementor-element-285260f elementor-widget-divider--view-line elementor-widget elementor-widget-divider\" data-id=\"285260f\" data-element_type=\"widget\" data-widget_type=\"divider.default\">\n\t\t\t\t<div class=\"elementor-widget-container\">\n\t\t\t\t\t\t\t<div class=\"elementor-divider\">\n\t\t\t<span class=\"elementor-divider-separator\">\n\t\t\t\t\t\t<\/span>\n\t\t<\/div>\n\t\t\t\t\t\t<\/div>\n\t\t\t\t<\/div>\n\t\t\t\t<div class=\"elementor-element elementor-element-f1ef5cd elementor-widget elementor-widget-spacer\" data-id=\"f1ef5cd\" data-element_type=\"widget\" data-widget_type=\"spacer.default\">\n\t\t\t\t<div class=\"elementor-widget-container\">\n\t\t\t\t\t\t\t<div class=\"elementor-spacer\">\n\t\t\t<div class=\"elementor-spacer-inner\"><\/div>\n\t\t<\/div>\n\t\t\t\t\t\t<\/div>\n\t\t\t\t<\/div>\n\t\t\t\t<div class=\"elementor-element elementor-element-23e3c9f elementor-widget elementor-widget-spacer\" data-id=\"23e3c9f\" data-element_type=\"widget\" data-widget_type=\"spacer.default\">\n\t\t\t\t<div class=\"elementor-widget-container\">\n\t\t\t\t\t\t\t<div class=\"elementor-spacer\">\n\t\t\t<div class=\"elementor-spacer-inner\"><\/div>\n\t\t<\/div>\n\t\t\t\t\t\t<\/div>\n\t\t\t\t<\/div>\n\t\t\t\t\t<\/div>\n\t\t<\/div>\n\t\t\t\t<div class=\"elementor-column elementor-col-33 elementor-top-column elementor-element elementor-element-a32b7ee\" data-id=\"a32b7ee\" data-element_type=\"column\" data-settings=\"{&quot;background_background&quot;:&quot;classic&quot;}\">\n\t\t\t<div class=\"elementor-widget-wrap elementor-element-populated\">\n\t\t\t\t\t<div class=\"elementor-background-overlay\"><\/div>\n\t\t\t\t\t\t<div class=\"elementor-element elementor-element-71e115e elementor-view-default elementor-widget elementor-widget-icon\" data-id=\"71e115e\" data-element_type=\"widget\" data-widget_type=\"icon.default\">\n\t\t\t\t<div class=\"elementor-widget-container\">\n\t\t\t\t\t\t\t<div class=\"elementor-icon-wrapper\">\n\t\t\t<div class=\"elementor-icon\">\n\t\t\t<i aria-hidden=\"true\" class=\"fas fa-plane-departure\"><\/i>\t\t\t<\/div>\n\t\t<\/div>\n\t\t\t\t\t\t<\/div>\n\t\t\t\t<\/div>\n\t\t\t\t<div class=\"elementor-element elementor-element-a23d5ee elementor-widget elementor-widget-heading\" data-id=\"a23d5ee\" data-element_type=\"widget\" data-widget_type=\"heading.default\">\n\t\t\t\t<div class=\"elementor-widget-container\">\n\t\t\t\t\t<h4 class=\"elementor-heading-title elementor-size-default\">Orly<\/h4>\t\t\t\t<\/div>\n\t\t\t\t<\/div>\n\t\t\t\t<div class=\"elementor-element elementor-element-eb77867 elementor-widget-divider--view-line elementor-widget elementor-widget-divider\" data-id=\"eb77867\" data-element_type=\"widget\" data-widget_type=\"divider.default\">\n\t\t\t\t<div class=\"elementor-widget-container\">\n\t\t\t\t\t\t\t<div class=\"elementor-divider\">\n\t\t\t<span class=\"elementor-divider-separator\">\n\t\t\t\t\t\t<\/span>\n\t\t<\/div>\n\t\t\t\t\t\t<\/div>\n\t\t\t\t<\/div>\n\t\t\t\t\t<\/div>\n\t\t<\/div>\n\t\t\t\t<div class=\"elementor-column elementor-col-33 elementor-top-column elementor-element elementor-element-dceff72\" data-id=\"dceff72\" data-element_type=\"column\" data-settings=\"{&quot;background_background&quot;:&quot;classic&quot;}\">\n\t\t\t<div class=\"elementor-widget-wrap elementor-element-populated\">\n\t\t\t\t\t<div class=\"elementor-background-overlay\"><\/div>\n\t\t\t\t\t\t<div class=\"elementor-element elementor-element-ffc9539 elementor-view-default elementor-widget elementor-widget-icon\" data-id=\"ffc9539\" data-element_type=\"widget\" data-widget_type=\"icon.default\">\n\t\t\t\t<div class=\"elementor-widget-container\">\n\t\t\t\t\t\t\t<div class=\"elementor-icon-wrapper\">\n\t\t\t<div class=\"elementor-icon\">\n\t\t\t<i aria-hidden=\"true\" class=\"fas fa-plane-departure\"><\/i>\t\t\t<\/div>\n\t\t<\/div>\n\t\t\t\t\t\t<\/div>\n\t\t\t\t<\/div>\n\t\t\t\t<div class=\"elementor-element elementor-element-736b68a elementor-widget elementor-widget-heading\" data-id=\"736b68a\" data-element_type=\"widget\" data-widget_type=\"heading.default\">\n\t\t\t\t<div class=\"elementor-widget-container\">\n\t\t\t\t\t<h4 class=\"elementor-heading-title elementor-size-default\">Le Bourget<\/h4>\t\t\t\t<\/div>\n\t\t\t\t<\/div>\n\t\t\t\t<div class=\"elementor-element elementor-element-40c5eb9 elementor-widget-divider--view-line elementor-widget elementor-widget-divider\" data-id=\"40c5eb9\" data-element_type=\"widget\" data-widget_type=\"divider.default\">\n\t\t\t\t<div class=\"elementor-widget-container\">\n\t\t\t\t\t\t\t<div class=\"elementor-divider\">\n\t\t\t<span class=\"elementor-divider-separator\">\n\t\t\t\t\t\t<\/span>\n\t\t<\/div>\n\t\t\t\t\t\t<\/div>\n\t\t\t\t<\/div>\n\t\t\t\t<div class=\"elementor-element elementor-element-b9c0931 elementor-widget elementor-widget-spacer\" data-id=\"b9c0931\" data-element_type=\"widget\" data-widget_type=\"spacer.default\">\n\t\t\t\t<div class=\"elementor-widget-container\">\n\t\t\t\t\t\t\t<div class=\"elementor-spacer\">\n\t\t\t<div class=\"elementor-spacer-inner\"><\/div>\n\t\t<\/div>\n\t\t\t\t\t\t<\/div>\n\t\t\t\t<\/div>\n\t\t\t\t\t<\/div>\n\t\t<\/div>\n\t\t\t\t\t<\/div>\n\t\t<\/section>\n\t\t\t\t<section class=\"elementor-section elementor-top-section elementor-element elementor-element-e64b535 elementor-section-boxed elementor-section-height-default elementor-section-height-default\" data-id=\"e64b535\" data-element_type=\"section\" data-settings=\"{&quot;background_background&quot;:&quot;classic&quot;}\">\n\t\t\t\t\t\t\t<div class=\"elementor-background-overlay\"><\/div>\n\t\t\t\t\t\t\t<div class=\"elementor-container elementor-column-gap-default\">\n\t\t\t\t\t<div class=\"elementor-column elementor-col-100 elementor-top-column elementor-element elementor-element-f55f0ed animated-slow elementor-invisible\" data-id=\"f55f0ed\" data-element_type=\"column\" data-settings=\"{&quot;animation&quot;:&quot;fadeIn&quot;}\">\n\t\t\t<div class=\"elementor-widget-wrap elementor-element-populated\">\n\t\t\t\t\t\t<div class=\"elementor-element elementor-element-b1c82f4 elementor-widget elementor-widget-heading\" data-id=\"b1c82f4\" data-element_type=\"widget\" data-widget_type=\"heading.default\">\n\t\t\t\t<div class=\"elementor-widget-container\">\n\t\t\t\t\t<h3 class=\"elementor-heading-title elementor-size-default\">Prenota ora il tuo transfer privato<\/h3>\t\t\t\t<\/div>\n\t\t\t\t<\/div>\n\t\t\t\t<div class=\"elementor-element elementor-element-e22d314 elementor-widget elementor-widget-text-editor\" data-id=\"e22d314\" data-element_type=\"widget\" data-widget_type=\"text-editor.default\">\n\t\t\t\t<div class=\"elementor-widget-container\">\n\t\t\t\t\t\t\t\t\t<p>Goditi un servizio di trasporto di lusso e di qualit\u00e0 superiore con <strong>My Paris Transfer<\/strong>. Prenota ora il tuo trasferimento privato a <strong>Parigi<\/strong> e dintorni  <\/p>\n<p>Non indugiare e prenota ora per beneficiare di un trasferimento privato di alta qualit\u00e0 con <strong>My Paris Transfer<\/strong>.<\/p>\n\t\t\t\t\t\t\t\t<\/div>\n\t\t\t\t<\/div>\n\t\t\t\t<div class=\"elementor-element elementor-element-1ce4a89 elementor-align-right elementor-widget__width-initial elementor-widget elementor-widget-button\" data-id=\"1ce4a89\" data-element_type=\"widget\" data-widget_type=\"button.default\">\n\t\t\t\t<div class=\"elementor-widget-container\">\n\t\t\t\t\t\t\t\t\t<div class=\"elementor-button-wrapper\">\n\t\t\t\t\t<a class=\"elementor-button elementor-button-link elementor-size-md elementor-animation-shrink\" href=\"https:\/\/myparistransfer.com\/it\/contatto\/\">\n\t\t\t\t\t\t<span class=\"elementor-button-content-wrapper\">\n\t\t\t\t\t\t\t\t\t<span class=\"elementor-button-text\">Riservare<\/span>\n\t\t\t\t\t<\/span>\n\t\t\t\t\t<\/a>\n\t\t\t\t<\/div>\n\t\t\t\t\t\t\t\t<\/div>\n\t\t\t\t<\/div>\n\t\t\t\t<div class=\"elementor-element elementor-element-cfd3326 elementor-widget__width-initial elementor-widget elementor-widget-button\" data-id=\"cfd3326\" data-element_type=\"widget\" data-widget_type=\"button.default\">\n\t\t\t\t<div class=\"elementor-widget-container\">\n\t\t\t\t\t\t\t\t\t<div class=\"elementor-button-wrapper\">\n\t\t\t\t\t<a class=\"elementor-button elementor-button-link elementor-size-md elementor-animation-shrink\" href=\"tel:+33623153221\">\n\t\t\t\t\t\t<span class=\"elementor-button-content-wrapper\">\n\t\t\t\t\t\t\t\t\t<span class=\"elementor-button-text\">Telefono<\/span>\n\t\t\t\t\t<\/span>\n\t\t\t\t\t<\/a>\n\t\t\t\t<\/div>\n\t\t\t\t\t\t\t\t<\/div>\n\t\t\t\t<\/div>\n\t\t\t\t\t<\/div>\n\t\t<\/div>\n\t\t\t\t\t<\/div>\n\t\t<\/section>\n\t\t\t\t<\/div>\n\t\t","protected":false},"excerpt":{"rendered":"<p>Trasferimenti aeroportuali CDG, Le Bourget, Beauvais, Orly. Viaggia in tutta tranquillit\u00e0 con il nostro servizio di trasferimento aeroportuale. Stai cercando un servizio di transfer privato di qualit\u00e0 per raggiungere l&#8217;aeroporto? Non cercare oltre! My Paris Transfer \u00e8 qui per prendersi cura di tutte le tue esigenze di trasporto. Serviamo gli aeroporti di Parigi Charles De [&hellip;]<\/p>\n","protected":false},"author":2,"featured_media":0,"parent":0,"menu_order":0,"comment_status":"closed","ping_status":"closed","template":"","meta":{"footnotes":""},"class_list":["post-885","page","type-page","status-publish","hentry"],"yoast_head":"<!-- This site is optimized with the Yoast SEO plugin v26.4 - https:\/\/yoast.com\/wordpress\/plugins\/seo\/ -->\n<title>Trasferimenti CDG, Le Bourget, Beauvais, Orly. - My Paris Transfer<\/title>\n<meta name=\"robots\" content=\"index, follow, max-snippet:-1, max-image-preview:large, max-video-preview:-1\" \/>\n<link rel=\"canonical\" href=\"https:\/\/myparistransfer.com\/it\/trasferimenti-cdg-le-bourget-beauvais-orly\/\" \/>\n<meta property=\"og:locale\" content=\"it_IT\" \/>\n<meta property=\"og:type\" content=\"article\" \/>\n<meta property=\"og:title\" content=\"Trasferimenti CDG, Le Bourget, Beauvais, Orly. - My Paris Transfer\" \/>\n<meta property=\"og:description\" content=\"Trasferimenti aeroportuali CDG, Le Bourget, Beauvais, Orly. Viaggia in tutta tranquillit\u00e0 con il nostro servizio di trasferimento aeroportuale. Stai cercando un servizio di transfer privato di qualit\u00e0 per raggiungere l&#8217;aeroporto? Non cercare oltre! My Paris Transfer \u00e8 qui per prendersi cura di tutte le tue esigenze di trasporto. Serviamo gli aeroporti di Parigi Charles De [&hellip;]\" \/>\n<meta property=\"og:url\" content=\"https:\/\/myparistransfer.com\/it\/trasferimenti-cdg-le-bourget-beauvais-orly\/\" \/>\n<meta property=\"og:site_name\" content=\"My Paris Transfer\" \/>\n<meta property=\"article:modified_time\" content=\"2024-06-04T13:52:30+00:00\" \/>\n<meta name=\"twitter:card\" content=\"summary_large_image\" \/>\n<meta name=\"twitter:label1\" content=\"Tempo di lettura stimato\" \/>\n\t<meta name=\"twitter:data1\" content=\"1 minuto\" \/>\n<script type=\"application\/ld+json\" class=\"yoast-schema-graph\">{\"@context\":\"https:\/\/schema.org\",\"@graph\":[{\"@type\":\"WebPage\",\"@id\":\"https:\/\/myparistransfer.com\/it\/trasferimenti-cdg-le-bourget-beauvais-orly\/\",\"url\":\"https:\/\/myparistransfer.com\/it\/trasferimenti-cdg-le-bourget-beauvais-orly\/\",\"name\":\"Trasferimenti CDG, Le Bourget, Beauvais, Orly. - My Paris Transfer\",\"isPartOf\":{\"@id\":\"https:\/\/myparistransfer.com\/it\/#website\"},\"datePublished\":\"2023-04-05T08:12:42+00:00\",\"dateModified\":\"2024-06-04T13:52:30+00:00\",\"breadcrumb\":{\"@id\":\"https:\/\/myparistransfer.com\/it\/trasferimenti-cdg-le-bourget-beauvais-orly\/#breadcrumb\"},\"inLanguage\":\"it-IT\",\"potentialAction\":[{\"@type\":\"ReadAction\",\"target\":[\"https:\/\/myparistransfer.com\/it\/trasferimenti-cdg-le-bourget-beauvais-orly\/\"]}]},{\"@type\":\"BreadcrumbList\",\"@id\":\"https:\/\/myparistransfer.com\/it\/trasferimenti-cdg-le-bourget-beauvais-orly\/#breadcrumb\",\"itemListElement\":[{\"@type\":\"ListItem\",\"position\":1,\"name\":\"Accueil\",\"item\":\"https:\/\/myparistransfer.com\/it\/\"},{\"@type\":\"ListItem\",\"position\":2,\"name\":\"Trasferimenti CDG, Le Bourget, Beauvais, Orly.\"}]},{\"@type\":\"WebSite\",\"@id\":\"https:\/\/myparistransfer.com\/it\/#website\",\"url\":\"https:\/\/myparistransfer.com\/it\/\",\"name\":\"My Paris Transfer\",\"description\":\"Votre chauffeur sur Paris\",\"potentialAction\":[{\"@type\":\"SearchAction\",\"target\":{\"@type\":\"EntryPoint\",\"urlTemplate\":\"https:\/\/myparistransfer.com\/it\/?s={search_term_string}\"},\"query-input\":{\"@type\":\"PropertyValueSpecification\",\"valueRequired\":true,\"valueName\":\"search_term_string\"}}],\"inLanguage\":\"it-IT\"}]}<\/script>\n<!-- \/ Yoast SEO plugin. -->","yoast_head_json":{"title":"Trasferimenti CDG, Le Bourget, Beauvais, Orly. - My Paris Transfer","robots":{"index":"index","follow":"follow","max-snippet":"max-snippet:-1","max-image-preview":"max-image-preview:large","max-video-preview":"max-video-preview:-1"},"canonical":"https:\/\/myparistransfer.com\/it\/trasferimenti-cdg-le-bourget-beauvais-orly\/","og_locale":"it_IT","og_type":"article","og_title":"Trasferimenti CDG, Le Bourget, Beauvais, Orly. - My Paris Transfer","og_description":"Trasferimenti aeroportuali CDG, Le Bourget, Beauvais, Orly. Viaggia in tutta tranquillit\u00e0 con il nostro servizio di trasferimento aeroportuale. Stai cercando un servizio di transfer privato di qualit\u00e0 per raggiungere l&#8217;aeroporto? Non cercare oltre! My Paris Transfer \u00e8 qui per prendersi cura di tutte le tue esigenze di trasporto. Serviamo gli aeroporti di Parigi Charles De [&hellip;]","og_url":"https:\/\/myparistransfer.com\/it\/trasferimenti-cdg-le-bourget-beauvais-orly\/","og_site_name":"My Paris Transfer","article_modified_time":"2024-06-04T13:52:30+00:00","twitter_card":"summary_large_image","twitter_misc":{"Tempo di lettura stimato":"1 minuto"},"schema":{"@context":"https:\/\/schema.org","@graph":[{"@type":"WebPage","@id":"https:\/\/myparistransfer.com\/it\/trasferimenti-cdg-le-bourget-beauvais-orly\/","url":"https:\/\/myparistransfer.com\/it\/trasferimenti-cdg-le-bourget-beauvais-orly\/","name":"Trasferimenti CDG, Le Bourget, Beauvais, Orly. - My Paris Transfer","isPartOf":{"@id":"https:\/\/myparistransfer.com\/it\/#website"},"datePublished":"2023-04-05T08:12:42+00:00","dateModified":"2024-06-04T13:52:30+00:00","breadcrumb":{"@id":"https:\/\/myparistransfer.com\/it\/trasferimenti-cdg-le-bourget-beauvais-orly\/#breadcrumb"},"inLanguage":"it-IT","potentialAction":[{"@type":"ReadAction","target":["https:\/\/myparistransfer.com\/it\/trasferimenti-cdg-le-bourget-beauvais-orly\/"]}]},{"@type":"BreadcrumbList","@id":"https:\/\/myparistransfer.com\/it\/trasferimenti-cdg-le-bourget-beauvais-orly\/#breadcrumb","itemListElement":[{"@type":"ListItem","position":1,"name":"Accueil","item":"https:\/\/myparistransfer.com\/it\/"},{"@type":"ListItem","position":2,"name":"Trasferimenti CDG, Le Bourget, Beauvais, Orly."}]},{"@type":"WebSite","@id":"https:\/\/myparistransfer.com\/it\/#website","url":"https:\/\/myparistransfer.com\/it\/","name":"My Paris Transfer","description":"Votre chauffeur sur Paris","potentialAction":[{"@type":"SearchAction","target":{"@type":"EntryPoint","urlTemplate":"https:\/\/myparistransfer.com\/it\/?s={search_term_string}"},"query-input":{"@type":"PropertyValueSpecification","valueRequired":true,"valueName":"search_term_string"}}],"inLanguage":"it-IT"}]}},"_links":{"self":[{"href":"https:\/\/myparistransfer.com\/it\/wp-json\/wp\/v2\/pages\/885","targetHints":{"allow":["GET"]}}],"collection":[{"href":"https:\/\/myparistransfer.com\/it\/wp-json\/wp\/v2\/pages"}],"about":[{"href":"https:\/\/myparistransfer.com\/it\/wp-json\/wp\/v2\/types\/page"}],"author":[{"embeddable":true,"href":"https:\/\/myparistransfer.com\/it\/wp-json\/wp\/v2\/users\/2"}],"replies":[{"embeddable":true,"href":"https:\/\/myparistransfer.com\/it\/wp-json\/wp\/v2\/comments?post=885"}],"version-history":[{"count":4,"href":"https:\/\/myparistransfer.com\/it\/wp-json\/wp\/v2\/pages\/885\/revisions"}],"predecessor-version":[{"id":1062,"href":"https:\/\/myparistransfer.com\/it\/wp-json\/wp\/v2\/pages\/885\/revisions\/1062"}],"wp:attachment":[{"href":"https:\/\/myparistransfer.com\/it\/wp-json\/wp\/v2\/media?parent=885"}],"curies":[{"name":"wp","href":"https:\/\/api.w.org\/{rel}","templated":true}]}}